{"id":11,"date":"2020-09-17T22:06:43","date_gmt":"2020-09-18T01:06:43","guid":{"rendered":"https:\/\/ahui.cl\/?page_id=11"},"modified":"2022-02-07T16:10:32","modified_gmt":"2022-02-07T19:10:32","slug":"inicio","status":"publish","type":"page","link":"https:\/\/konafn.cl\/en\/","title":{"rendered":"Inicio"},"content":{"rendered":"<h2>\n\t\tOur Purpose\n\t<\/h2>\n\tWe aspire to be the most sustainable provider of fresh fruit and nuts,<br \/>\nwhich the best service and highest quality for<br \/>\nour client in Chile and the world.\n\t\t\t<a href=\"https:\/\/konafn.cl\/en\/nosotros\/\" target=\"_self\" role=\"button\" rel=\"noopener\">\n\t\t\t\t\t\t\tKNOW MORE\n\t\t\t\t\t<\/a>\n<h2>\n\t\tOur Products\n\t<\/h2>\n\t\t\t<a href=\"https:\/\/konafn.cl\/en\/productos\/\" target=\"_self\" role=\"button\" rel=\"noopener\">\n\t\t\t\t\t\t\tKNOW MORE\n\t\t\t\t\t<\/a>\n<h2>\n\t\tContact us\n\t<\/h2>\n\t\t\t\t<img src=\"http:\/\/konafn.cl\/wp-content\/uploads\/2021\/07\/contact-img.png\" alt=\"contact-img\" itemprop=\"image\" title=\"contact-img\" onerror=\"this.style.display='none'\"  \/>\n\t\t\t<a href=\"https:\/\/konafn.cl\/en\/contacto\/\" target=\"_self\" role=\"button\" rel=\"noopener\">\n\t\t\t\t\t\t\tSEND MESSAGE\n\t\t\t\t\t<\/a>","protected":false},"excerpt":{"rendered":"<p>Nuestro Prop\u00f3sito Ser el proveedor m\u00e1s sustentable de fruta fresca y frutos secos, con el mejor servicio y la m\u00e1s alta calidad para nuestros clientes en Chile y el Mundo. SABER M\u00c1S Nuestros Productos SABER M\u00c1S Cont\u00e1ctate con nosotros ENVIAR MENSAJE<\/p>","protected":false},"author":1,"featured_media":0,"parent":0,"menu_order":0,"comment_status":"closed","ping_status":"closed","template":"","meta":{"om_disable_all_campaigns":false,"inline_featured_image":false,"_mi_skip_tracking":false},"aioseo_notices":[],"_links":{"self":[{"href":"https:\/\/konafn.cl\/en\/wp-json\/wp\/v2\/pages\/11"}],"collection":[{"href":"https:\/\/konafn.cl\/en\/wp-json\/wp\/v2\/pages"}],"about":[{"href":"https:\/\/konafn.cl\/en\/wp-json\/wp\/v2\/types\/page"}],"author":[{"embeddable":true,"href":"https:\/\/konafn.cl\/en\/wp-json\/wp\/v2\/users\/1"}],"replies":[{"embeddable":true,"href":"https:\/\/konafn.cl\/en\/wp-json\/wp\/v2\/comments?post=11"}],"version-history":[{"count":38,"href":"https:\/\/konafn.cl\/en\/wp-json\/wp\/v2\/pages\/11\/revisions"}],"predecessor-version":[{"id":1168,"href":"https:\/\/konafn.cl\/en\/wp-json\/wp\/v2\/pages\/11\/revisions\/1168"}],"wp:attachment":[{"href":"https:\/\/konafn.cl\/en\/wp-json\/wp\/v2\/media?parent=11"}],"curies":[{"name":"wp","href":"https:\/\/api.w.org\/{rel}","templated":true}]}}