{"id":1177,"date":"2022-09-12T18:14:34","date_gmt":"2022-09-12T21:14:34","guid":{"rendered":"https:\/\/konafn.cl\/?page_id=1177"},"modified":"2022-09-12T18:26:30","modified_gmt":"2022-09-12T21:26:30","slug":"reserva-martin-pescador","status":"publish","type":"page","link":"https:\/\/konafn.cl\/en\/los-campos\/reserva-martin-pescador\/","title":{"rendered":"Reserva Martin Pescador"},"content":{"rendered":"<!-- pagination -->\n\t\t\t<a href=\"https:\/\/konafn.cl\/en\/los-campos\/\" target=\"_self\" role=\"button\" rel=\"noopener\">\n\t\t\t\t\t\tBack to farms\n\t\t\t\t\t<\/a>\n<h2>\n\t\tReserva Martin Pescador\n\t<\/h2>\n\t\t\t\t<img src=\"https:\/\/ahui.cl\/wp-content\/uploads\/2020\/09\/Hectare-img.svg\" alt=\"146,74\" itemprop=\"image\" title=\"Hectare-img\" onerror=\"this.style.display='none'\"  \/>\n<h4>\n\t\tAREAS\n\t<\/h4>\n\t<p>171 HA<\/p>\n\t\t\t\t<img loading=\"lazy\" src=\"https:\/\/konafn.cl\/wp-content\/uploads\/2022\/09\/BosqueNativo.png\" alt=\"BosqueNativo\" itemprop=\"image\" height=\"626\" width=\"601\" title=\"BosqueNativo\" onerror=\"this.style.display='none'\"  \/>\n<h4>\n\t\tSPECIES\n\t<\/h4>\n\t<p>Native Forest<\/p>\n\t\t\t\t<img loading=\"lazy\" src=\"https:\/\/konafn.cl\/wp-content\/uploads\/2022\/09\/ClimaOceanico.png\" alt=\"ClimaOceanico\" itemprop=\"image\" height=\"625\" width=\"625\" title=\"ClimaOceanico\" onerror=\"this.style.display='none'\"  \/>\n<h4>\n\t\tWEATHER\n\t<\/h4>\n\t<p>Oceanic<\/p>\n\t\n            <div \n                class=\"elfsight-widget-weather elfsight-widget\" \n                data-elfsight-weather-options=\"%7B%22typeLocation%22%3A%22specificLocation%22%2C%22location%22%3A%22-42.6730082%2C-73.9872231%22%2C%22customLocationName%22%3A%22%22%2C%22lang%22%3A%22es%22%2C%22units%22%3A%22metric%22%2C%22windUnits%22%3A%22miles%22%2C%22pressureUnits%22%3A%22mb%22%2C%22timeFormat%22%3A%2212%22%2C%22layout%22%3A%22hourlyForecast%22%2C%22backgroundType%22%3A%22color%22%2C%22backgroundColor%22%3A%22rgba%2869%2C%2069%2C%2071%2C%200.81%29%22%2C%22dailyForecastBackgroundColor%22%3A%22rgb%28250%2C%20250%2C%20250%29%22%2C%22currentTemperatureSize%22%3A24%2C%22currentWeatherSize%22%3A24%2C%22iconsAnimation%22%3Atrue%2C%22showUnits%22%3Afalse%2C%22showAllDays%22%3Afalse%2C%22widgetId%22%3A%2211%22%7D\" \n                data-elfsight-weather-version=\"1.3.1\"\n                data-elfsight-widget-id=\"elfsight-weather-11\">\n            <\/div>\n            \n<h4>\n\t\tMATERIAL OF INTEREST\n\t<\/h4>\n\t\t\t<a href=\"https:\/\/konafn.cl\/wp-content\/uploads\/2022\/09\/Diario-Oficial.pdf\" target=\"_blank\" role=\"button\" rel=\"noopener\">\n\t\t\t\t\t\tDiario Oficial\n\t\t\t\t\t<\/a>","protected":false},"excerpt":{"rendered":"<p>Volver a campos Reserva Martin Pescador HECT\u00c1REAS 171 HA ESPECIES Bosque Nativo CLIMA Oce\u00e1nico MATERIAL DE INTER\u00c9S Diario Oficial<\/p>","protected":false},"author":1,"featured_media":0,"parent":19,"menu_order":0,"comment_status":"closed","ping_status":"closed","template":"","meta":{"om_disable_all_campaigns":false,"inline_featured_image":false,"_mi_skip_tracking":false},"aioseo_notices":[],"_links":{"self":[{"href":"https:\/\/konafn.cl\/en\/wp-json\/wp\/v2\/pages\/1177"}],"collection":[{"href":"https:\/\/konafn.cl\/en\/wp-json\/wp\/v2\/pages"}],"about":[{"href":"https:\/\/konafn.cl\/en\/wp-json\/wp\/v2\/types\/page"}],"author":[{"embeddable":true,"href":"https:\/\/konafn.cl\/en\/wp-json\/wp\/v2\/users\/1"}],"replies":[{"embeddable":true,"href":"https:\/\/konafn.cl\/en\/wp-json\/wp\/v2\/comments?post=1177"}],"version-history":[{"count":3,"href":"https:\/\/konafn.cl\/en\/wp-json\/wp\/v2\/pages\/1177\/revisions"}],"predecessor-version":[{"id":1189,"href":"https:\/\/konafn.cl\/en\/wp-json\/wp\/v2\/pages\/1177\/revisions\/1189"}],"up":[{"embeddable":true,"href":"https:\/\/konafn.cl\/en\/wp-json\/wp\/v2\/pages\/19"}],"wp:attachment":[{"href":"https:\/\/konafn.cl\/en\/wp-json\/wp\/v2\/media?parent=1177"}],"curies":[{"name":"wp","href":"https:\/\/api.w.org\/{rel}","templated":true}]}}