{"id":1198,"date":"2022-09-12T18:33:01","date_gmt":"2022-09-12T21:33:01","guid":{"rendered":"https:\/\/konafn.cl\/?page_id=1198"},"modified":"2022-09-12T18:39:42","modified_gmt":"2022-09-12T21:39:42","slug":"sustentabilidad","status":"publish","type":"page","link":"https:\/\/konafn.cl\/en\/sustentabilidad\/","title":{"rendered":"Sustainability"},"content":{"rendered":"<h1>\n\t\t\t\tNature Reserve\n\t\t\t<\/h1>\n\t\t\t<p>+<\/p>\t\n\t<p>The business has a native forest reserve in the southern Chilo\u00e9 Island called Reserva Martin Pescador, located on the shore of Lake Huillinco, in the Chonchi municipality.\u00a0<\/p>\n<p>It possesses a surface of 171 hectares which were once an exploited forest but today is covered by thick forest of young trees with a few centuries-old trees, such as the Tepa, related to the Olivillo and coig\u00fce, the Luma, the Pitra and the Array\u00e1n, the Alerce and the Guaitecas Cypress (Pilgerodendron).\u00a0\u00a0<\/p>\n<p>Furthermore, native birds abound, such as the Magellanic Woodpecker, the Chucao, and the Black-throated Huet-huet, among others. One can also observe animals like Darwin\u2019s fox, the monito del monte (colocolo opossum), Mole Mouse of Chilo\u00e9 (rat\u00f3n topo de Chilo\u00e9), Tree Rat of Chilo\u00e9, Southern Pudu, and the Southern River Otter. Its climate is characterized by the strong influence of the coast and lake with fronts arriving from the Pacific Ocean toward the lake with a more unstable climate. It rains about 300 centimeters (118 in) per year.<\/p>\n\t<h1>\n\t\t\t\tRenewable energy\n\t\t\t<\/h1>\n\t\t\t<p>+<\/p>\t\n\t<p>At Kona our objective is to support the decarbonization of Chile\u2019s electrical grid and minimize the impact our operations have on local communities.\u00a0<\/p>\n<p>Currently, our La Vega and Casas de Puangue farms have a combined photovoltaic generation capacity of 300 kWp, and our Puertas Coloradas and Ramadilla farms are in the process of developing and constructing local power generation capacity, which will add 435 kWp of additional generating capacity.<\/p>\n<p>Our power plants are designed to produce 15% more than the consumption of our farms and offices. This generation will flow into the local grid, helping diminish dependence on external centers and transmission lines for the communities in which we are located.<\/p>\n<p>In 2023, with all our power-generation systems operative, we estimate that the total generation will be 1,270 MWh, which is equivalent to reducing 532 tons of CO2 annually, or the equivalent of planting 24,190 adult trees.<\/p>\n\t<h1>\n\t\t\t\tWaste Management\n\t\t\t<\/h1>\n\t\t\t<p>+<\/p>\t\n\t<p>It is our policy to reuse and recycle as much as possible in our projects. For example, when we developed the Ramadilla project, 54 tons of wire were recycled, and we rescued 100,000 stakes for the table grape plantation that had been abandoned in the same land, which were used as garden canes for each of the 87,000 citrus trees planted in 2022.<\/p>\n<p>The walnut processing plant, which is under construction in 2022, is designed so that all its water be reused in the farm as a byproduct. Additionally, all walnut shells will be composted and used in our farms as fertilizer.<\/p>\n<p>We are also developing recycling centers for our workers, and at our Casas de Puangue farm this area is already operating. We plan to replicate it in all our farms during 2022. We separate materials from origin and dispose of them at the available community recycling centers.<\/p>\n<blockquote><p>Each adult tree captures approximately 22 kg of CO2 per year.<\/p><\/blockquote>\n\t<h1>\n\t\t\t\tWater Footprint\n\t\t\t<\/h1>\n\t\t\t<p>+<\/p>\t\n\t<p>All our farms maintain the highest standards of modern drip irrigation, which were designed by the hydraulic engineer Hern\u00e1n Cox, always with the aim of the most efficient water use, meaning using the least energy possible to move exactly enough water to the trees.\u00a0<\/p>\n<p>Weather stations: We have 4 weather stations that are found in the farms Casas de Puangue; Puertas Coloradas; La Vega; Puertas Coloradas Las Peon\u00edas. All are in the municipality of Melipilla, and are the Watchdog brand from Spectrum Technology.\u00a0<\/p>\n<p>Humidity sensors: We have 25 humidity sensors from Lemsystem and they are distributed throughout three farms (Casas de Puangue, Puertas Coloradas, La Vega).<\/p>\n<p>Automatic gate-houses: On our farms all the gate-houses are automatized. We have three gate-houses on the farms in Melipilla and two under construction in the municipality of Alto del Carmen.<\/p>\n<p>Gravity-fed irrigation: We have 24.8 hectares that use gravity-fed irrigation, which are located in the Casas de Puangue farm.\u00a0<\/p>\n<p>Netting: Netting is being installed in the Ramadilla farm. This permits a reduction between 25 and 30% in the water required by the plants.<\/p>\n<p>Canal lining: We have a geomembrane-lined canal of approximately 700 meters in the Casas de Puangue farm, and another canal is covered until reaching its end, which reduces infiltration and evaporation loss.<\/p>\n<p>Tranques de acumulaci\u00f3n:\u00a0 Contamos con 3 tranques de acumulaci\u00f3n de agua uno en cada campo de la comuna de Melipilla (Casas de Puangue, Puertas Coloradas, La Vega), 2 tranques y un pulm\u00f3n de acumulaci\u00f3n en el campo Ramadilla.<\/p>","protected":false},"excerpt":{"rendered":"<p>Reserva Natural + La empresa cuenta con una reserva de bosque nativo en la austral isla Grande de Chilo\u00e9, llamada Reserva Martin Pescador, se ubica a orillas lago Huillinco, Comuna de Chonchi.\u00a0 Posee una superficie de 171 hect\u00e1reas, se caracteriza por haber sido en el pasado un bosque explotado, hoy en d\u00eda es un frondoso&hellip;<\/p>","protected":false},"author":1,"featured_media":0,"parent":0,"menu_order":0,"comment_status":"closed","ping_status":"closed","template":"","meta":{"om_disable_all_campaigns":false,"inline_featured_image":false,"_mi_skip_tracking":false},"aioseo_notices":[],"_links":{"self":[{"href":"https:\/\/konafn.cl\/en\/wp-json\/wp\/v2\/pages\/1198"}],"collection":[{"href":"https:\/\/konafn.cl\/en\/wp-json\/wp\/v2\/pages"}],"about":[{"href":"https:\/\/konafn.cl\/en\/wp-json\/wp\/v2\/types\/page"}],"author":[{"embeddable":true,"href":"https:\/\/konafn.cl\/en\/wp-json\/wp\/v2\/users\/1"}],"replies":[{"embeddable":true,"href":"https:\/\/konafn.cl\/en\/wp-json\/wp\/v2\/comments?post=1198"}],"version-history":[{"count":3,"href":"https:\/\/konafn.cl\/en\/wp-json\/wp\/v2\/pages\/1198\/revisions"}],"predecessor-version":[{"id":1207,"href":"https:\/\/konafn.cl\/en\/wp-json\/wp\/v2\/pages\/1198\/revisions\/1207"}],"wp:attachment":[{"href":"https:\/\/konafn.cl\/en\/wp-json\/wp\/v2\/media?parent=1198"}],"curies":[{"name":"wp","href":"https:\/\/api.w.org\/{rel}","templated":true}]}}