{"id":175,"date":"2020-09-21T21:41:54","date_gmt":"2020-09-22T00:41:54","guid":{"rendered":"https:\/\/ahui.cl\/?page_id=175"},"modified":"2020-12-17T13:51:58","modified_gmt":"2020-12-17T16:51:58","slug":"puertas-coloradas","status":"publish","type":"page","link":"https:\/\/konafn.cl\/en\/los-campos\/puertas-coloradas\/","title":{"rendered":"Puertas Coloradas"},"content":{"rendered":"<a href=\"https:\/\/konafn.cl\/en\/los-campos\/\" target=\"_self\" role=\"button\" rel=\"noopener noreferrer\">\n\t\t\t\t\t\tBack to farms\n\t\t\t\t\t<\/a>\n<h2>\n\t\tPuertas Coloradas\n\t<\/h2>\n\t\t\t\t<img loading=\"lazy\" src=\"http:\/\/konafn.cl\/wp-content\/uploads\/2020\/09\/Hectare-img.svg\" alt=\"146,74\" itemprop=\"image\" height=\"150\" width=\"150\" title=\"Hectare-img\" onerror=\"this.style.display='none'\"  \/>\n<h4>\n\t\tAREAS\n\t<\/h4>\n\t<p>91 HA<\/p>\n\t\t\t\t<img loading=\"lazy\" src=\"http:\/\/konafn.cl\/wp-content\/uploads\/2020\/10\/cerezo-nogal.svg\" alt=\"cerezo-nogal\" itemprop=\"image\" height=\"150\" width=\"150\" title=\"cerezo-nogal\" onerror=\"this.style.display='none'\"  \/>\n<h4>\n\t\tSPECIES\n\t<\/h4>\n\t<p>Cherries, Walnuts<\/p>\n\t\t\t\t<img loading=\"lazy\" src=\"http:\/\/konafn.cl\/wp-content\/uploads\/2020\/09\/sun-image.svg\" alt=\"Mediterr\u00e1neo de verano c\u00e1lido\" itemprop=\"image\" height=\"150\" width=\"150\" title=\"sun-image\" onerror=\"this.style.display='none'\"  \/>\n<h4>\n\t\tWEATHER\n\t<\/h4>\n\t<p>Mediterranean hot summer climate<\/p>\n\t\n            <div \n                class=\"elfsight-widget-weather elfsight-widget\" \n                data-elfsight-weather-options=\"%7B%22typeLocation%22%3A%22specificLocation%22%2C%22location%22%3A%22-33.668673%2C%20-71.293641%22%2C%22customLocationName%22%3A%22%22%2C%22lang%22%3A%22es%22%2C%22units%22%3A%22metric%22%2C%22windUnits%22%3A%22miles%22%2C%22pressureUnits%22%3A%22mb%22%2C%22timeFormat%22%3A%2212%22%2C%22layout%22%3A%22hourlyForecast%22%2C%22backgroundType%22%3A%22color%22%2C%22backgroundColor%22%3A%22rgba%2869%2C%2069%2C%2071%2C%200.81%29%22%2C%22dailyForecastBackgroundColor%22%3A%22rgb%28250%2C%20250%2C%20250%29%22%2C%22currentTemperatureSize%22%3A24%2C%22currentWeatherSize%22%3A24%2C%22iconsAnimation%22%3Atrue%2C%22showUnits%22%3Atrue%2C%22showAllDays%22%3Afalse%2C%22widgetId%22%3A%223%22%7D\" \n                data-elfsight-weather-version=\"1.3.1\"\n                data-elfsight-widget-id=\"elfsight-weather-3\">\n            <\/div>\n            \n<h4>\n\t\tMATERIAL OF INTEREST\n\t<\/h4>\n\t\t\t<a href=\"http:\/\/konafn.cl\/wp-content\/uploads\/2020\/11\/Puertas-Coloradas-Plantaciones-y-Tranque-20-08-2017.pdf\" target=\"_blank\" role=\"button\" rel=\"noopener noreferrer\">\n\t\t\t\t\t\tMasterplan\n\t\t\t\t\t<\/a>\n\t\t\t<a href=\"http:\/\/konafn.cl\/wp-content\/uploads\/2020\/11\/Fundo-Puertas-Coloradas-estudio-Dr.-Santiba\u0301n\u0303ez.pdf\" target=\"_blank\" role=\"button\" rel=\"noopener noreferrer\">\n\t\t\t\t\t\tAgroclimatic Study\n\t\t\t\t\t<\/a>\n\t\t\t<a href=\"http:\/\/konafn.cl\/wp-content\/uploads\/2020\/11\/Estudio-de-Suelos-Puertas-Coloradas.pdf\" target=\"_blank\" role=\"button\" rel=\"noopener noreferrer\">\n\t\t\t\t\t\tSoil Study\n\t\t\t\t\t<\/a>","protected":false},"excerpt":{"rendered":"<p>Volver a campos Puertas Coloradas HECT\u00c1REAS 91 HA ESPECIES Cerezo, Nogal CLIMA Mediterr\u00e1neo de verano c\u00e1lido MATERIAL DE INTER\u00c9S Masterplan Estudio Agroclima\u0301tico Estudio de Suelo<\/p>","protected":false},"author":1,"featured_media":0,"parent":19,"menu_order":0,"comment_status":"closed","ping_status":"closed","template":"","meta":{"om_disable_all_campaigns":false,"inline_featured_image":false,"_mi_skip_tracking":false},"aioseo_notices":[],"_links":{"self":[{"href":"https:\/\/konafn.cl\/en\/wp-json\/wp\/v2\/pages\/175"}],"collection":[{"href":"https:\/\/konafn.cl\/en\/wp-json\/wp\/v2\/pages"}],"about":[{"href":"https:\/\/konafn.cl\/en\/wp-json\/wp\/v2\/types\/page"}],"author":[{"embeddable":true,"href":"https:\/\/konafn.cl\/en\/wp-json\/wp\/v2\/users\/1"}],"replies":[{"embeddable":true,"href":"https:\/\/konafn.cl\/en\/wp-json\/wp\/v2\/comments?post=175"}],"version-history":[{"count":17,"href":"https:\/\/konafn.cl\/en\/wp-json\/wp\/v2\/pages\/175\/revisions"}],"predecessor-version":[{"id":794,"href":"https:\/\/konafn.cl\/en\/wp-json\/wp\/v2\/pages\/175\/revisions\/794"}],"up":[{"embeddable":true,"href":"https:\/\/konafn.cl\/en\/wp-json\/wp\/v2\/pages\/19"}],"wp:attachment":[{"href":"https:\/\/konafn.cl\/en\/wp-json\/wp\/v2\/media?parent=175"}],"curies":[{"name":"wp","href":"https:\/\/api.w.org\/{rel}","templated":true}]}}