{"id":177,"date":"2020-09-21T21:42:18","date_gmt":"2020-09-22T00:42:18","guid":{"rendered":"https:\/\/ahui.cl\/?page_id=177"},"modified":"2021-08-24T15:02:08","modified_gmt":"2021-08-24T18:02:08","slug":"ramadilla","status":"publish","type":"page","link":"https:\/\/konafn.cl\/en\/los-campos\/ramadilla\/","title":{"rendered":"Ramadilla"},"content":{"rendered":"<!-- pagination -->\n\t\t\t<a href=\"https:\/\/konafn.cl\/en\/los-campos\/\" target=\"_self\" role=\"button\" rel=\"noopener\">\n\t\t\t\t\t\tBack to farms\n\t\t\t\t\t<\/a>\n<h2>\n\t\tRamadilla\n\t<\/h2>\n\t\t\t\t<img loading=\"lazy\" src=\"http:\/\/konafn.cl\/wp-content\/uploads\/2021\/08\/Planta_proceso.svg\" alt=\"Planta_proceso\" itemprop=\"image\" height=\"150\" width=\"150\" title=\"Planta_proceso\" onerror=\"this.style.display='none'\"  \/>\n<h4>\n\t\tPLANTA DE PROCESOS\n\t<\/h4>\n\t<p>xxxx<\/p>\n\t\t\t\t<img src=\"http:\/\/konafn.cl\/wp-content\/uploads\/2020\/09\/Hectare-img.svg\" alt=\"146,74\" itemprop=\"image\" title=\"Hectare-img\" onerror=\"this.style.display='none'\"  \/>\n<h4>\n\t\tAREAS\n\t<\/h4>\n\t<p>100 HA<\/p>\n\t\t\t\t<img loading=\"lazy\" src=\"http:\/\/konafn.cl\/wp-content\/uploads\/2020\/10\/clementinas-naranjas.svg\" alt=\"clementinas-naranjas\" itemprop=\"image\" height=\"150\" width=\"150\" title=\"clementinas-naranjas\" onerror=\"this.style.display='none'\"  \/>\n<h4>\n\t\tSPECIES\n\t<\/h4>\n\t<p>Oranges, Clementines<\/p>\n\t\t\t\t<img loading=\"lazy\" src=\"http:\/\/konafn.cl\/wp-content\/uploads\/2020\/09\/sun-image.svg\" alt=\"Mediterr\u00e1neo de verano c\u00e1lido\" itemprop=\"image\" height=\"150\" width=\"150\" title=\"sun-image\" onerror=\"this.style.display='none'\"  \/>\n<h4>\n\t\tWEATHER\n\t<\/h4>\n\t<p>Arid<\/p>\n\t\n            <div \n                class=\"elfsight-widget-weather elfsight-widget\" \n                data-elfsight-weather-options=\"%7B%22typeLocation%22%3A%22specificLocation%22%2C%22location%22%3A%22-28.753239%2C%20-70.477182%22%2C%22customLocationName%22%3A%22%22%2C%22lang%22%3A%22es%22%2C%22units%22%3A%22metric%22%2C%22windUnits%22%3A%22miles%22%2C%22pressureUnits%22%3A%22mb%22%2C%22timeFormat%22%3A%2212%22%2C%22layout%22%3A%22hourlyForecast%22%2C%22backgroundType%22%3A%22color%22%2C%22backgroundColor%22%3A%22rgba%2869%2C%2069%2C%2071%2C%200.81%29%22%2C%22dailyForecastBackgroundColor%22%3A%22rgb%28250%2C%20250%2C%20250%29%22%2C%22currentTemperatureSize%22%3A24%2C%22currentWeatherSize%22%3A24%2C%22iconsAnimation%22%3Atrue%2C%22showUnits%22%3Atrue%2C%22showAllDays%22%3Afalse%2C%22widgetId%22%3A%224%22%7D\" \n                data-elfsight-weather-version=\"1.3.1\"\n                data-elfsight-widget-id=\"elfsight-weather-4\">\n            <\/div>\n            \n<h4>\n\t\tMATERIAL OF INTEREST\n\t<\/h4>\n\t\t\t<a href=\"http:\/\/konafn.cl\/wp-content\/uploads\/2020\/11\/Estudio-Agroclima\u0301tico-Ramadilla.pdf\" target=\"_blank\" role=\"button\" rel=\"noopener\">\n\t\t\t\t\t\tAgroclimatic Study\n\t\t\t\t\t<\/a>","protected":false},"excerpt":{"rendered":"<p>Volver a campos Ramadilla PLANTA DE PROCESOS xxxx HECT\u00c1REAS 100 HA ESPECIES Naranjas, Clementinas CLIMA \u00c1rido MATERIAL DE INTER\u00c9S Estudio Agroclima\u0301tico<\/p>","protected":false},"author":1,"featured_media":0,"parent":19,"menu_order":0,"comment_status":"closed","ping_status":"closed","template":"","meta":{"om_disable_all_campaigns":false,"inline_featured_image":false,"_mi_skip_tracking":false},"aioseo_notices":[],"_links":{"self":[{"href":"https:\/\/konafn.cl\/en\/wp-json\/wp\/v2\/pages\/177"}],"collection":[{"href":"https:\/\/konafn.cl\/en\/wp-json\/wp\/v2\/pages"}],"about":[{"href":"https:\/\/konafn.cl\/en\/wp-json\/wp\/v2\/types\/page"}],"author":[{"embeddable":true,"href":"https:\/\/konafn.cl\/en\/wp-json\/wp\/v2\/users\/1"}],"replies":[{"embeddable":true,"href":"https:\/\/konafn.cl\/en\/wp-json\/wp\/v2\/comments?post=177"}],"version-history":[{"count":19,"href":"https:\/\/konafn.cl\/en\/wp-json\/wp\/v2\/pages\/177\/revisions"}],"predecessor-version":[{"id":958,"href":"https:\/\/konafn.cl\/en\/wp-json\/wp\/v2\/pages\/177\/revisions\/958"}],"up":[{"embeddable":true,"href":"https:\/\/konafn.cl\/en\/wp-json\/wp\/v2\/pages\/19"}],"wp:attachment":[{"href":"https:\/\/konafn.cl\/en\/wp-json\/wp\/v2\/media?parent=177"}],"curies":[{"name":"wp","href":"https:\/\/api.w.org\/{rel}","templated":true}]}}