{"id":18,"date":"2020-09-17T22:08:00","date_gmt":"2020-09-18T01:08:00","guid":{"rendered":"https:\/\/ahui.cl\/?page_id=18"},"modified":"2022-02-08T16:01:23","modified_gmt":"2022-02-08T19:01:23","slug":"productos","status":"publish","type":"page","link":"https:\/\/konafn.cl\/en\/productos\/","title":{"rendered":"Products"},"content":{"rendered":"<h1>\n\t\t\t\tWalnuts\n\t\t\t<\/h1>\n\t\t\t<p>+<\/p>\t\n\t<p class=\" translation-block\"><strong>We currently have 250 net hectares of walnut trees<\/strong>, which were planted in 2017 (231.62 hectares) and 2019 (17.88 hectares). The variety planted is <strong>Chandler is 90% and 10% Cisco<\/strong> (used as pollinator):<\/p>\n<p class=\" translation-block\"><strong>Chandler:<\/strong> It is a variety developed by the breeding program of the University of Davis in USA, and is characterized by a tree of average vigor and fruit of extraordinary quality, which made it the most planted variety in the world. It flowers in October and its harvest in the Melipilla area occurs in April. The fruit is large, with a peel ratio of over 50% and a flesh colour of 90 to 100% of the light and extra light category.<\/p>\n<p class=\" translation-block\"><strong>Estimated outputs (Ton\/Year):<\/strong> Our estimated total production of walnuts per year is the following:<\/p>\n<table  data-tablesaw-minimap>\n\t\t<thead>\n\t\t<tr>\n\t\t\t<th id=\"pp-table-col-1\" scope=\"col\" data-tablesaw-sortable-col>YEAR<\/th><th id=\"pp-table-col-2\" scope=\"col\" data-tablesaw-sortable-col>2020<\/th><th id=\"pp-table-col-3\" scope=\"col\" data-tablesaw-sortable-col>2021<\/th><th id=\"pp-table-col-4\" scope=\"col\" data-tablesaw-sortable-col>2022<\/th><th id=\"pp-table-col-5\" scope=\"col\" data-tablesaw-sortable-col>2023<\/th><th id=\"pp-table-col-6\" scope=\"col\" data-tablesaw-sortable-col>2024<\/th><th id=\"pp-table-col-7\" scope=\"col\" data-tablesaw-sortable-col>2025<\/th><th id=\"pp-table-col-8\" scope=\"col\" data-tablesaw-sortable-col>2026<\/th><th id=\"pp-table-col-9\" scope=\"col\" data-tablesaw-sortable-col>2027<\/th>\t\t<\/tr>\n\t<\/thead>\n\t\t<tbody>\n\t\t<tr><td>TON<\/td><td>146<\/td><td>470<\/td><td>1.000<\/td><td>1.400<\/td><td>1.750<\/td><td>1.850<\/td><td>1.850<\/td><td>1.850<\/td><\/tr>\t<\/tbody>\n<\/table>\n<h4>\n\t\tCOLOR\n\t<\/h4>\n\t\t\t\t<img src=\"http:\/\/konafn.cl\/wp-content\/uploads\/2021\/08\/Walnut_Extralight.png\" alt=\"Walnut_Extralight\" itemprop=\"image\" title=\"Walnut_Extralight\" onerror=\"this.style.display='none'\"  \/>\n\t<p>Extra Light<\/p>\n\t\t\t\t<img src=\"http:\/\/konafn.cl\/wp-content\/uploads\/2021\/08\/Walnut_light.png\" alt=\"Walnut_light\" itemprop=\"image\" title=\"Walnut_light\" onerror=\"this.style.display='none'\"  \/>\n\t<p>Light<\/p>\n\t\t\t\t<img src=\"http:\/\/konafn.cl\/wp-content\/uploads\/2021\/08\/Walnut_LightAmber.png\" alt=\"Walnut_LightAmber\" itemprop=\"image\" title=\"Walnut_LightAmber\" onerror=\"this.style.display='none'\"  \/>\n\t<p>Light amber<\/p>\n\t\t\t\t<img src=\"http:\/\/konafn.cl\/wp-content\/uploads\/2021\/12\/yellow-288x300.png\" alt=\"yellow\" itemprop=\"image\" title=\"yellow\" onerror=\"this.style.display='none'\"  \/>\n\t<p>Yellow<\/p>\n\t\t\t\t<img src=\"http:\/\/konafn.cl\/wp-content\/uploads\/2021\/08\/Walnut_Amber.png\" alt=\"Walnut_Amber\" itemprop=\"image\" title=\"Walnut_Amber\" onerror=\"this.style.display='none'\"  \/>\n\t<p>Amber<\/p>\n<h4>\n\t\tCALIBRE\n\t<\/h4>\n                        <img src=\"\/wp-content\/uploads\/2021\/08\/nuez-final.svg\"\/>\n                         <p>-26<\/p>\n                        <img src=\"\/wp-content\/uploads\/2021\/08\/nuez-final.svg\"\/>\n                         <p>26-28<\/p>\n                        <img src=\"\/wp-content\/uploads\/2021\/08\/nuez-final.svg\"\/>\n                         <p>28-30<\/p>\n                        <img src=\"\/wp-content\/uploads\/2021\/08\/nuez-final.svg\"\/>\n                         <p>30-32<\/p>\n                        <img src=\"\/wp-content\/uploads\/2021\/08\/nuez-final.svg\"\/>\n                         <p>32-34<\/p>\n                        <img src=\"\/wp-content\/uploads\/2021\/08\/nuez-final.svg\"\/>\n                         <p>34-36<\/p>\n                        <img src=\"\/wp-content\/uploads\/2021\/08\/nuez-final.svg\"\/>\n                         <p>36-38<\/p>\n                        <img src=\"\/wp-content\/uploads\/2021\/08\/nuez-final.svg\"\/>\n                         <p>+38<\/p>\n<h4>\n\t\tEMBALAJES\n\t<\/h4>\n             \n                <img src=\"\/wp-content\/uploads\/2021\/09\/saco-konal.svg\" width=\"\"\/>\n             \n            \n            \n            <spam>Sacos <\/spam>\n            <ul>\n             \t<li>10 Kgs<\/li>\n             \t<li>25 Kgs<\/li>\n            <\/ul>\n             \n                <img src=\"\/wp-content\/uploads\/2021\/09\/box-kona.svg\" width=\"\"\/>\n             \n            <spam>Cajas <\/spam>\n            <ul>\n             \t<li>10 Kgs<\/li>\n            <\/ul>\n\t\t\t\t<img src=\"http:\/\/konafn.cl\/wp-content\/uploads\/2020\/09\/nogal-image.svg\" alt=\"Nuez\" itemprop=\"image\" title=\"nogal-image\" onerror=\"this.style.display='none'\"  \/>\n<h4>\n\t\tVARIETY\n\t<\/h4>\n\t<p>Chandler<\/p>\n\t\t\t\t<img src=\"http:\/\/konafn.cl\/wp-content\/uploads\/2020\/09\/Hectare-img.svg\" alt=\"146,74\" itemprop=\"image\" title=\"Hectare-img\" onerror=\"this.style.display='none'\"  \/>\n<h4>\n\t\tAREAS\n\t<\/h4>\n\t<p>530 Ha<\/p>\n\t\t7,500\n\t\t\t\t\tRENDIMIENTO ESPERADO ( KG \/ HA )\n\t\t\t<a href=\"http:\/\/konafn.cl\/wp-content\/uploads\/2021\/12\/3-Ficha_Te\u0301cnica_Nuez_con_cascara-ING.pdf\" target=\"_blank\" role=\"button\" rel=\"noopener\">\n\t\t\t\t\t\t\tDOWNLOAD TECHNICAL DATA SHEET\n\t\t\t\t\t<\/a>\n\t<h1>\n\t\t\t\tPistachios\n\t\t\t<\/h1>\n\t\t\t<p>+<\/p>\t\n\t\n<p class=\" translation-block\"><strong>Sirora:<\/strong> Created in Australia, a vigorous, high production tree. It has medium-large fruit, elongated-round, which makes it a very attractive fruit. It has a high quantity of open fruit. In the Melipilla zone it flowers in October and is harvested in March.<\/p>\n<p class=\" translation-block\"><strong>Red Aleppo:<\/strong> A very attractive fruit variety for its intense green seed color and a particular red tone on the tree\u2019s fruit. It is harvested earlier than Sirora with a somewhat smaller fruit, with very good shell opening and is very productive.<\/p>\n<p class=\" translation-block\"><strong>Golden Hill:<\/strong> It is late blooming, the tree has an erect growth habit and the color of its bark is very similar to that of Kerman. Golden Hills has a good fruit yield and a high percentage of open fruit. This variety provides a large, rounded pistachio with a very white shell<\/p>\n<p class=\" translation-block\"><strong>Estimated outputs (Ton\/Year):<\/strong> Our estimated total pistachio production per year is the following:<\/p>\n\t\t\t\t<img src=\"https:\/\/ahui.cl\/wp-content\/uploads\/2020\/09\/pistachos-img.svg\" alt=\"pistachos-img\" itemprop=\"image\" title=\"pistachos-img\" onerror=\"this.style.display='none'\"  \/>\n<h4>\n\t\tVARIETY\n\t<\/h4>\n\t<p>Sirora, Red Alepo,<br \/>Golden Hill<\/p>\n\t\t\t\t<img src=\"https:\/\/ahui.cl\/wp-content\/uploads\/2020\/09\/Hectare-img.svg\" alt=\"146,74\" itemprop=\"image\" title=\"Hectare-img\" onerror=\"this.style.display='none'\"  \/>\n<h4>\n\t\tAREAS\n\t<\/h4>\n\t<p>30 Ha<\/p>\n\t\t3,500\n\t\t\t\t\tRENDIMIENTO ESPERADO ( KG \/ HA )\n<table  data-tablesaw-minimap>\n\t\t<thead>\n\t\t<tr>\n\t\t\t<th id=\"pp-table-col-1\" scope=\"col\" data-tablesaw-sortable-col>YEAR<\/th><th id=\"pp-table-col-2\" scope=\"col\" data-tablesaw-sortable-col>2021<\/th><th id=\"pp-table-col-3\" scope=\"col\" data-tablesaw-sortable-col>2022<\/th><th id=\"pp-table-col-4\" scope=\"col\" data-tablesaw-sortable-col>2023<\/th><th id=\"pp-table-col-5\" scope=\"col\" data-tablesaw-sortable-col>2024<\/th><th id=\"pp-table-col-6\" scope=\"col\" data-tablesaw-sortable-col>2025<\/th><th id=\"pp-table-col-7\" scope=\"col\" data-tablesaw-sortable-col>2026<\/th><th id=\"pp-table-col-8\" scope=\"col\" data-tablesaw-sortable-col>2027<\/th><th id=\"pp-table-col-9\" scope=\"col\" data-tablesaw-sortable-col>2028<\/th><th id=\"pp-table-col-10\" scope=\"col\" data-tablesaw-sortable-col>2029<\/th><th id=\"pp-table-col-11\" scope=\"col\" data-tablesaw-sortable-col>2030<\/th><th id=\"pp-table-col-12\" scope=\"col\" data-tablesaw-sortable-col>2031<\/th>\t\t<\/tr>\n\t<\/thead>\n\t\t<tbody>\n\t\t<tr><td>TON<\/td><td>1<\/td><td>6<\/td><td>9<\/td><td>15<\/td><td>26<\/td><td>39<\/td><td>59<\/td><td>80<\/td><td>97<\/td><td>121<\/td><td>133<\/td><\/tr>\t<\/tbody>\n<\/table>\n\t<h1>\n\t\t\t\tCherries\n\t\t\t<\/h1>\n\t\t\t<p>+<\/p>\t\n\t<p class=\" translation-block\"><strong>In 2020 37 net hectares of cherries were planted,<\/strong> for which were used <strong>only Santina variety, grafted onto Colt and Maxma 14.<\/strong><\/p>\n<p class=\" translation-block\">A self-fertile variety from the Summerland experimental station in Canada. It was chosen because of the great quality of its fruit in caliber, color, sugar\/acidity ratio, very good condition and firmness that permits long-distance travel (such as to Asia) without losing quality; furthermore it is a variety that is harvested in November in Cauquenes. It is considered to have medium flowering and early maturation<\/p>\n<p class=\" translation-block\"><strong>Estimated outputs (Ton\/Year):<\/strong> Our estimated total clementine production per year is the following:<\/p>\n\t\t\t\t<img src=\"http:\/\/konafn.cl\/wp-content\/uploads\/2020\/09\/cherrys-img.svg\" alt=\"cherrys-img\" itemprop=\"image\" title=\"cherrys-img\" onerror=\"this.style.display='none'\"  \/>\n<h4>\n\t\tVARIETY\n\t<\/h4>\n\t<p>Santina<\/p>\n\t\t\t\t<img src=\"http:\/\/konafn.cl\/wp-content\/uploads\/2020\/09\/Hectare-img.svg\" alt=\"146,74\" itemprop=\"image\" title=\"Hectare-img\" onerror=\"this.style.display='none'\"  \/>\n<h4>\n\t\tAREAS\n\t<\/h4>\n\t<p>37 Ha<\/p>\n\t\t12,500\n\t\t\t\t\tRENDIMIENTO ESPERADO ( KG \/ HA )\n<table  data-tablesaw-minimap>\n\t\t<thead>\n\t\t<tr>\n\t\t\t<th id=\"pp-table-col-1\" scope=\"col\" data-tablesaw-sortable-col>YEAR<\/th><th id=\"pp-table-col-2\" scope=\"col\" data-tablesaw-sortable-col>2022<\/th><th id=\"pp-table-col-3\" scope=\"col\" data-tablesaw-sortable-col>2023<\/th><th id=\"pp-table-col-4\" scope=\"col\" data-tablesaw-sortable-col>2024<\/th><th id=\"pp-table-col-5\" scope=\"col\" data-tablesaw-sortable-col>2025<\/th><th id=\"pp-table-col-6\" scope=\"col\" data-tablesaw-sortable-col>2026<\/th><th id=\"pp-table-col-7\" scope=\"col\" data-tablesaw-sortable-col>2027<\/th><th id=\"pp-table-col-8\" scope=\"col\" data-tablesaw-sortable-col>2028<\/th>\t\t<\/tr>\n\t<\/thead>\n\t\t<tbody>\n\t\t<tr><td>TON<\/td><td>10<\/td><td>30<\/td><td>190<\/td><td>400<\/td><td>500<\/td><td>500<\/td><td>500<\/td><\/tr>\t<\/tbody>\n<\/table>\n\t<h1>\n\t\t\t\tOranges\n\t\t\t<\/h1>\n\t\t\t<p>+<\/p>\t\n\t<p class=\" translation-block\"><strong>In September of 2021 we will plant 25 net hectares of oranges,<\/strong> for which <strong>we will use only Caracara variety, grafted onto C-35 rootstock.<\/strong><\/p>\n<p class=\" translation-block\"><strong>Caracara:<\/strong> A variety of navel oranges characterized by reddish pulp and extra-sweet flavor, of great interest to the Asian market. The characteristic of red pulp makes them completely recognizable by consumers, which is a large advantage in the orange market where consumers normally do not manage to differentiate varieties with clarity, which creates insecurity when selecting.<\/p>\n<p class=\" translation-block\"><strong>Estimated outputs (Ton\/Year):<\/strong> Our estimated total orange production per year is the following:<\/p>\n\t\t\t\t<img src=\"http:\/\/konafn.cl\/wp-content\/uploads\/2020\/11\/Orange_big.png\" alt=\"Orange_big\" itemprop=\"image\" title=\"Orange_big\" onerror=\"this.style.display='none'\"  \/>\n<h4>\n\t\tVARIETY\n\t<\/h4>\n\t<p>Caracara<\/p>\n\t\t\t\t<img src=\"http:\/\/konafn.cl\/wp-content\/uploads\/2020\/09\/Hectare-img.svg\" alt=\"146,74\" itemprop=\"image\" title=\"Hectare-img\" onerror=\"this.style.display='none'\"  \/>\n<h4>\n\t\tAREAS\n\t<\/h4>\n\t<p>25 Ha<\/p>\n\t\t35,000\n\t\t\t\t\tRENDIMIENTO ESPERADO ( KG \/ HA )\n<table  data-tablesaw-minimap>\n\t\t<thead>\n\t\t<tr>\n\t\t\t<th id=\"pp-table-col-1\" scope=\"col\" data-tablesaw-sortable-col>YEAR<\/th><th id=\"pp-table-col-2\" scope=\"col\" data-tablesaw-sortable-col>2024<\/th><th id=\"pp-table-col-3\" scope=\"col\" data-tablesaw-sortable-col>2025<\/th><th id=\"pp-table-col-4\" scope=\"col\" data-tablesaw-sortable-col>2026<\/th><th id=\"pp-table-col-5\" scope=\"col\" data-tablesaw-sortable-col>2027<\/th><th id=\"pp-table-col-6\" scope=\"col\" data-tablesaw-sortable-col>2028<\/th><th id=\"pp-table-col-7\" scope=\"col\" data-tablesaw-sortable-col>2029<\/th><th id=\"pp-table-col-8\" scope=\"col\" data-tablesaw-sortable-col>2030<\/th><th id=\"pp-table-col-9\" scope=\"col\" data-tablesaw-sortable-col>2031<\/th><th id=\"pp-table-col-10\" scope=\"col\" data-tablesaw-sortable-col>2032<\/th>\t\t<\/tr>\n\t<\/thead>\n\t\t<tbody>\n\t\t<tr><td>TON<\/td><td>76<\/td><td>250<\/td><td>625<\/td><td>1000<\/td><td>1250<\/td><td>1250<\/td><td>1250<\/td><td>1250<\/td><td>1250<\/td><\/tr>\t<\/tbody>\n<\/table>\n\t<h1>\n\t\t\t\tClementines\n\t\t\t<\/h1>\n\t\t\t<p>+<\/p>\t\n\t<p class=\" translation-block\"><strong>In September, 2021 we will plant 75 hectares of Clementines in the following ratio:<\/strong>Oronules (12.5 ha); Orogrande (50 ha); Clemenules (12.5 ha in development).<\/p>\n<p class=\" translation-block\"><strong>Oronules:<\/strong> This is the earliest variety of clementines, of medium caliber, and a good sugar\/acidity ratio. To supply the national market, in a period of citrus scarcity. The rootstock selected for this variety are 50% Macrophylla and 50% C-35.<\/p>\n<p class=\" translation-block\"><strong>Orogrande:<\/strong> A variety of caliber with great size, early, but later than Oronules and earlier than Clemenules, and a good sugar\/acidity ratio. Planned for the export market. The rootstock selected for this variety is 100% C-35.<\/p>\n<p class=\" translation-block\"><strong>Clemenules:<\/strong> This is the latest variety, good caliber, very good color, and very good postharvest. Planned for the export market. The rootstock selected for this variety is 100% C-35.<\/p>\n<p class=\" translation-block\"><strong>Estimated outputs (Ton\/Year):<\/strong> Our estimated total clementine production per year is the following:<\/p>\n\t\t\t\t<img src=\"http:\/\/konafn.cl\/wp-content\/uploads\/2020\/11\/Clementine_Big.png\" alt=\"Clementine_Big\" itemprop=\"image\" title=\"Clementine_Big\" onerror=\"this.style.display='none'\"  \/>\n<h4>\n\t\tVARIETY\n\t<\/h4>\n\tOrogrande,<br \/>\nClemenules, Oronules\n\t\t\t\t<img src=\"http:\/\/konafn.cl\/wp-content\/uploads\/2020\/09\/Hectare-img.svg\" alt=\"146,74\" itemprop=\"image\" title=\"Hectare-img\" onerror=\"this.style.display='none'\"  \/>\n<h4>\n\t\tAREAS\n\t<\/h4>\n\t<p>75 Ha<\/p>\n\t\t45,000\n\t\t\t\t\tRENDIMIENTO ESPERADO ( KG \/ HA )\n<table  data-tablesaw-minimap>\n\t\t<thead>\n\t\t<tr>\n\t\t\t<th id=\"pp-table-col-1\" scope=\"col\" data-tablesaw-sortable-col>YEAR<\/th><th id=\"pp-table-col-2\" scope=\"col\" data-tablesaw-sortable-col>2024<\/th><th id=\"pp-table-col-3\" scope=\"col\" data-tablesaw-sortable-col>2025<\/th><th id=\"pp-table-col-4\" scope=\"col\" data-tablesaw-sortable-col>2026<\/th><th id=\"pp-table-col-5\" scope=\"col\" data-tablesaw-sortable-col>2027<\/th><th id=\"pp-table-col-6\" scope=\"col\" data-tablesaw-sortable-col>2028<\/th><th id=\"pp-table-col-7\" scope=\"col\" data-tablesaw-sortable-col>2029<\/th><th id=\"pp-table-col-8\" scope=\"col\" data-tablesaw-sortable-col>2030<\/th>\t\t<\/tr>\n\t<\/thead>\n\t\t<tbody>\n\t\t<tr><td>TON<\/td><td>230<\/td><td>750<\/td><td>1850<\/td><td>3000<\/td><td>3400<\/td><td>3400<\/td><td>3400<\/td><\/tr>\t<\/tbody>\n<\/table>","protected":false},"excerpt":{"rendered":"<p>Nueces + Tenemos en la actualidad 250 hect\u00e1reas netas de nogales, las cuales fueron plantadas el a\u00f1o 2017 (231,62 h\u00e1s) y el a\u00f1o 2019 (17,88 H\u00e1s). La variedad plantada es Chandler en un 90% y un 10% de Cisco (utilizada como polinizante): Chandler: Es una variedad desarrollada por el programa de mejoramiento de la Universidad&hellip;<\/p>","protected":false},"author":1,"featured_media":0,"parent":0,"menu_order":0,"comment_status":"closed","ping_status":"closed","template":"","meta":{"om_disable_all_campaigns":false,"inline_featured_image":false,"_mi_skip_tracking":false},"aioseo_notices":[],"_links":{"self":[{"href":"https:\/\/konafn.cl\/en\/wp-json\/wp\/v2\/pages\/18"}],"collection":[{"href":"https:\/\/konafn.cl\/en\/wp-json\/wp\/v2\/pages"}],"about":[{"href":"https:\/\/konafn.cl\/en\/wp-json\/wp\/v2\/types\/page"}],"author":[{"embeddable":true,"href":"https:\/\/konafn.cl\/en\/wp-json\/wp\/v2\/users\/1"}],"replies":[{"embeddable":true,"href":"https:\/\/konafn.cl\/en\/wp-json\/wp\/v2\/comments?post=18"}],"version-history":[{"count":161,"href":"https:\/\/konafn.cl\/en\/wp-json\/wp\/v2\/pages\/18\/revisions"}],"predecessor-version":[{"id":1169,"href":"https:\/\/konafn.cl\/en\/wp-json\/wp\/v2\/pages\/18\/revisions\/1169"}],"wp:attachment":[{"href":"https:\/\/konafn.cl\/en\/wp-json\/wp\/v2\/media?parent=18"}],"curies":[{"name":"wp","href":"https:\/\/api.w.org\/{rel}","templated":true}]}}