{"id":19,"date":"2020-09-17T22:08:06","date_gmt":"2020-09-18T01:08:06","guid":{"rendered":"https:\/\/ahui.cl\/?page_id=19"},"modified":"2022-09-12T18:28:28","modified_gmt":"2022-09-12T21:28:28","slug":"los-campos","status":"publish","type":"page","link":"https:\/\/konafn.cl\/en\/los-campos\/","title":{"rendered":"Farms"},"content":{"rendered":"<h3>\n\t\tRamadilla\n\t<\/h3>\n\t<p>1<\/p>\n            <img src=\"http:\/\/konafn.cl\/wp-content\/uploads\/2021\/08\/Planta_proceso.svg\"\/>\n            <h4>PLANTA DE PROCESOS<\/h4>\n            <img src=\"\/wp-content\/uploads\/2020\/09\/Hectare-img.svg\"\/>\n            <h4>AREAS<\/h4>\n            <p>100 ha<\/p>\n            <img src=\"..\/..\/wp-content\/uploads\/2020\/11\/nc.svg\"\/>\n            <h4>SPECIES<\/h4>\n            <p>Oranges<\/p>\n            <p>Clementines<\/p>\n            <img src=\"\/wp-content\/uploads\/2020\/09\/sun-image.svg\"\/>\n            <h4>WEATHER<\/h4>\n            <p>Arid<\/p>\n\t\t\t<a href=\"#\" target=\"_self\" rel=\"noopener\">\n\t\t\t\t\t\t\t\tSEE LOCATION\n\t\t\t\t\t\t\t<\/a>\n\t\t\t<a href=\"https:\/\/konafn.cl\/en\/los-campos\/ramadilla\/\" target=\"_self\" rel=\"noopener\">\n\t\t\t\t\t\t\t\tSee more\n\t\t\t\t\t\t\t<\/a>\n\t<p>2<\/p>\n<h3>\n\t\tCasas de Puangue\n\t<\/h3>\n            <img src=\"http:\/\/konafn.cl\/wp-content\/uploads\/2021\/08\/Planta_proceso.svg\"\/>\n            <h4>PLANTA DE PROCESOS<\/h4>\n            <img src=\"\/wp-content\/uploads\/2020\/09\/Hectare-img.svg\"\/>\n            <h4>AREAS<\/h4>\n            <p>147 ha<\/p>\n            <img src=\"\/wp-content\/uploads\/2020\/09\/nogal-image.svg\"\/>\n            <h4>SPECIES<\/h4>\n            <p>Walnuts<\/p>\n            <img src=\"\/wp-content\/uploads\/2020\/09\/sun-image.svg\"\/>\n            <h4>WEATHER<\/h4>\n            <p>Mediterranean hot summer climate<\/p>\n\t\t\t<a href=\"#\" target=\"_self\" rel=\"noopener\">\n\t\t\t\t\t\t\t\tSEE LOCATION\n\t\t\t\t\t\t\t<\/a>\n\t\t\t<a href=\"https:\/\/konafn.cl\/en\/los-campos\/casas-de-puangue\/\" target=\"_self\" rel=\"noopener\">\n\t\t\t\t\t\t\t\tSee more\n\t\t\t\t\t\t\t<\/a>\n\t<p>3<\/p>\n<h3>\n\t\tPuertas Coloradas\n\t<\/h3>\n            <img src=\"\/wp-content\/uploads\/2020\/09\/Hectare-img.svg\"\/>\n            <h4>AREAS<\/h4>\n            <p>91 ha<\/p>\n            <img src=\"\/wp-content\/uploads\/2020\/10\/cerezo-nogal.svg\"\/>\n            <h4>SPECIES<\/h4>\n            <p>Cherries<\/p>\n            <p>Walnuts<\/p>\n            <img src=\"\/wp-content\/uploads\/2020\/09\/sun-image.svg\"\/>\n            <h4>WEATHER<\/h4>\n            <p>Mediterranean hot summer climate<\/p>\n\t\t\t<a href=\"#\" target=\"_self\" rel=\"nofollow noopener\">\n\t\t\t\t\t\t\t\tSEE LOCATION\n\t\t\t\t\t\t\t<\/a>\n\t\t\t<a href=\"https:\/\/konafn.cl\/en\/los-campos\/puertas-coloradas\/\" target=\"_self\" rel=\"noopener\">\n\t\t\t\t\t\t\t\tSee more\n\t\t\t\t\t\t\t<\/a>\n\t<p>4<\/p>\n<h3>\n\t\tLa Vega\n\t<\/h3>\n            <img src=\"http:\/\/konafn.cl\/wp-content\/uploads\/2021\/08\/Planta_proceso.svg\"\/>\n            <h4>PLANTA DE PROCESOS<\/h4>\n            <img src=\"\/wp-content\/uploads\/2020\/09\/Hectare-img.svg\"\/>\n            <h4>AREAS<\/h4>\n            <p>77 ha<\/p>\n            <img src=\"\/wp-content\/uploads\/2020\/10\/pistacho-nogal.svg\"\/>\n            <h4>SPECIES<\/h4>\n            <p>Pistachios<\/p>\n            <p>Walnuts<\/p>\n            <img src=\"\/wp-content\/uploads\/2020\/09\/sun-image.svg\"\/>\n            <h4>WEATHER<\/h4>\n            <p>Mediterranean hot summer climate<\/p>\n\t\t\t<a href=\"#\" target=\"_self\" rel=\"noopener\">\n\t\t\t\t\t\t\t\tSEE LOCATION\n\t\t\t\t\t\t\t<\/a>\n\t\t\t<a href=\"https:\/\/konafn.cl\/en\/los-campos\/la-vega\/\" target=\"_self\" rel=\"noopener\">\n\t\t\t\t\t\t\t\tSee more\n\t\t\t\t\t\t\t<\/a>\n\t<p>5<\/p>\n<h3>\n\t\tReserva Martin Pescador\n\t<\/h3>\n            <img src=\"\/wp-content\/uploads\/2020\/09\/Hectare-img.svg\"\/>\n            <h4>AREAS<\/h4>\n          <p>171 ha<\/p>\n            <img src=\"https:\/\/konafn.cl\/wp-content\/uploads\/2022\/09\/BosqueNativo.png\"\/>\n            <h4>SPECIES<\/h4>\n            <p>Native Forest<\/p>\n            <img src=\"https:\/\/konafn.cl\/wp-content\/uploads\/2022\/09\/ClimaOceanico.png\"\/>\n            <h4>WEATHER<\/h4>\n            <p>Oceanic<\/p>\n\t\t\t<a href=\"#\" target=\"_self\" rel=\"noopener\">\n\t\t\t\t\t\t\t\tSEE LOCATION\n\t\t\t\t\t\t\t<\/a>\n\t\t\t<a href=\"https:\/\/konafn.cl\/en\/los-campos\/reserva-martin-pescador\/\" target=\"_self\" rel=\"noopener\">\n\t\t\t\t\t\t\t\tSee more\n\t\t\t\t\t\t\t<\/a>\n\t<p>Mediterranean hot summer climate (K\u00f6ppen Climate Classification: Csb) \/ Arid climate (K\u00f6ppen Climate Classification: BWk)<\/p>\n\t\n            <div \n                class=\"elfsight-widget-google-maps elfsight-widget\" \n                data-elfsight-google-maps-options=\"%7B%22categoriesEnabled%22%3Atrue%2C%22categories%22%3A%5B%5D%2C%22icons%22%3A%5B%5D%2C%22lang%22%3A%22en%22%2C%22distanceUnits%22%3A%22mi%22%2C%22markers%22%3A%5B%7B%22position%22%3A%22-33.712135%2C%20-71.195946%22%2C%22coordinates%22%3A%22-33.712135%2C%20-71.195946%22%2C%22icon%22%3A%22%22%2C%22iconUrl%22%3A%22%22%2C%22infoWindow%22%3Atrue%2C%22infoTitle%22%3A%22La%20Vega%22%2C%22infoDescription%22%3A%22%22%2C%22infoImage%22%3A%22https%3A%5C%2F%5C%2Fahui.cl%5C%2Fwp-content%5C%2Fuploads%5C%2F2020%5C%2F12%5C%2FLa-Vega.jpg%22%2C%22infoAddress%22%3A%22Puangue%2C%20Melipilla%2C%20Provincia%20de%20Melipilla%2C%20Chile%22%2C%22infoSite%22%3A%22%22%2C%22infoPhone%22%3A%22%22%2C%22infoEmail%22%3A%22contacto%40ahui.cl%22%2C%22infoWorkingHours%22%3A%22%22%2C%22infoWindowOpenedByDefault%22%3Afalse%2C%22markerClickAction%22%3A%22infoWindow%22%2C%22animation%22%3A%22bounce%22%2C%22linkUrl%22%3A%22%22%2C%22category%22%3A%22%22%2C%22id%22%3A%223a952f10-5f58-456c-ac57-66e9e188a2ad%22%7D%2C%7B%22position%22%3A%22-33.642144%2C%20-71.302606%22%2C%22coordinates%22%3A%22-33.642144%2C%20-71.302606%22%2C%22icon%22%3A%22%22%2C%22iconUrl%22%3A%22%22%2C%22infoWindow%22%3Atrue%2C%22infoTitle%22%3A%22Casas%20de%20Puangue%22%2C%22infoDescription%22%3A%22%22%2C%22infoImage%22%3A%22https%3A%5C%2F%5C%2Fahui.cl%5C%2Fwp-content%5C%2Fuploads%5C%2F2020%5C%2F12%5C%2FPuangue.jpg%22%2C%22infoAddress%22%3A%22Puangue%2C%20Melipilla%2C%20Provincia%20de%20Melipilla%2C%20Chile%22%2C%22infoSite%22%3A%22%22%2C%22infoPhone%22%3A%22%22%2C%22infoEmail%22%3A%22contacto%40ahui.cl%22%2C%22infoWorkingHours%22%3A%22%22%2C%22infoWindowOpenedByDefault%22%3Afalse%2C%22markerClickAction%22%3A%22infoWindow%22%2C%22animation%22%3A%22bounce%22%2C%22linkUrl%22%3A%22%22%2C%22category%22%3A%22%22%7D%2C%7B%22position%22%3A%22-33.668673%2C%20-71.293641%22%2C%22coordinates%22%3A%22-33.668673%2C%20-71.293641%22%2C%22icon%22%3A%22%22%2C%22iconUrl%22%3A%22%22%2C%22infoWindow%22%3Atrue%2C%22infoTitle%22%3A%22Puertas%20Coloradas%22%2C%22infoDescription%22%3A%22%22%2C%22infoImage%22%3A%22https%3A%5C%2F%5C%2Fahui.cl%5C%2Fwp-content%5C%2Fuploads%5C%2F2020%5C%2F12%5C%2FPuertas-Coloradas.jpg%22%2C%22infoAddress%22%3A%22Puangue%2C%20Melipilla%2C%20Provincia%20de%20Melipilla%2C%20Chile%22%2C%22infoSite%22%3A%22%22%2C%22infoPhone%22%3A%22%22%2C%22infoEmail%22%3A%22contacto%40ahui.cl%22%2C%22infoWorkingHours%22%3A%22%22%2C%22infoWindowOpenedByDefault%22%3Afalse%2C%22markerClickAction%22%3A%22infoWindow%22%2C%22animation%22%3A%22bounce%22%2C%22linkUrl%22%3A%22%22%2C%22category%22%3A%22%22%2C%22id%22%3A%2247c59b03-f582-4bbe-9a16-98aa07191222%22%7D%2C%7B%22position%22%3A%22-28.753239%2C%20-70.477182%22%2C%22coordinates%22%3A%22-28.753239%2C%20-70.477182%22%2C%22icon%22%3A%22%22%2C%22iconUrl%22%3A%22%22%2C%22infoWindow%22%3Atrue%2C%22infoTitle%22%3A%22Ramadilla%22%2C%22infoDescription%22%3A%22%22%2C%22infoImage%22%3A%22https%3A%5C%2F%5C%2Fahui.cl%5C%2Fwp-content%5C%2Fuploads%5C%2F2020%5C%2F11%5C%2FDJI_0683.jpg%22%2C%22infoAddress%22%3A%22Puangue%2C%20Melipilla%2C%20Provincia%20de%20Melipilla%2C%20Chile%22%2C%22infoSite%22%3A%22%22%2C%22infoPhone%22%3A%22%22%2C%22infoEmail%22%3A%22contacto%40ahui.cl%22%2C%22infoWorkingHours%22%3A%22%22%2C%22infoWindowOpenedByDefault%22%3Afalse%2C%22markerClickAction%22%3A%22infoWindow%22%2C%22animation%22%3A%22bounce%22%2C%22linkUrl%22%3A%22%22%2C%22category%22%3A%22%22%2C%22id%22%3A%221c7f2cc6-67a1-4dc5-91ff-665845addc80%22%7D%2C%7B%22position%22%3A%22-33.673060%2C%20-71.306890%22%2C%22coordinates%22%3A%22-33.67306%2C%20-71.30689%22%2C%22infoTitle%22%3A%22Las%20Peon%5Cu00edas%22%2C%22category%22%3A%22%22%2C%22icon%22%3A%22%22%2C%22infoDescription%22%3A%22%22%2C%22infoImage%22%3A%22https%3A%5C%2F%5C%2Fahui.cl%5C%2Fwp-content%5C%2Fuploads%5C%2F2020%5C%2F11%5C%2FDJI_0683.jpg%22%2C%22infoAddress%22%3A%22%22%2C%22infoSite%22%3A%22%22%2C%22infoPhone%22%3A%22%22%2C%22infoEmail%22%3A%22contacto%40ahui.cl%22%2C%22infoWorkingHours%22%3A%22%22%2C%22markerClickAction%22%3A%22infoWindow%22%2C%22infoWindowOpenedByDefault%22%3Afalse%2C%22linkUrl%22%3A%22%22%2C%22animation%22%3A%22none%22%7D%2C%7B%22position%22%3A%22-42.6730082%2C-73.9872231%22%2C%22coordinates%22%3A%22-42.6730082%2C%20-73.9872231%22%2C%22infoTitle%22%3A%22Reserva%20Martin%20Pescador%22%2C%22category%22%3A%22%22%2C%22icon%22%3A%22%22%2C%22infoDescription%22%3A%22%22%2C%22infoImage%22%3A%22https%3A%5C%2F%5C%2Fkonafn.cl%5C%2Fwp-content%5C%2Fuploads%5C%2F2022%5C%2F09%5C%2FIMG_0797.png%22%2C%22infoAddress%22%3A%22%22%2C%22infoSite%22%3A%22%22%2C%22infoPhone%22%3A%22%22%2C%22infoEmail%22%3A%22%22%2C%22infoWorkingHours%22%3A%22%22%2C%22markerClickAction%22%3A%22infoWindow%22%2C%22infoWindowOpenedByDefault%22%3Afalse%2C%22linkUrl%22%3A%22%22%2C%22animation%22%3A%22none%22%7D%5D%2C%22mapType%22%3A%22roadmap%22%2C%22center%22%3A%22auto%22%2C%22zoom%22%3A%22auto%22%2C%22controls%22%3A%5B%22zoom%22%2C%22mapType%22%2C%22scale%22%2C%22streetView%22%2C%22rotate%22%2C%22fullScreen%22%5D%2C%22markerClusterEnabled%22%3Atrue%2C%22markerClusterZoom%22%3Atrue%2C%22markerClusterMin%22%3A2%2C%22markerClusterIcon%22%3A%22default%22%2C%22markerClusterIconColor%22%3A%22%22%2C%22markerClusterIconUrl%22%3Anull%2C%22markerClusterSize%22%3A52%2C%22infoDirections%22%3Atrue%2C%22directionsTarget%22%3A%22inline%22%2C%22scrollwheel%22%3Afalse%2C%22draggable%22%3Atrue%2C%22layers%22%3A%5B%5D%2C%22width%22%3A%22auto%22%2C%22height%22%3A%22700%22%2C%22panelEnabled%22%3Atrue%2C%22panelOpenByDefault%22%3Afalse%2C%22panelSearchVisible%22%3Afalse%2C%22panelSearchBy%22%3A%22markers%22%2C%22panelSearchPlaceholder%22%3A%22%22%2C%22panelListItemElements%22%3A%5B%22title%22%2C%22category%22%2C%22image%22%2C%22address%22%2C%22phone%22%2C%22workingHours%22%5D%2C%22mainColor%22%3A%22rgb%2866%2C%20133%2C%20244%29%22%2C%22style%22%3A%22default%22%2C%22colorGeometry%22%3A%22%22%2C%22colorLabelsTextFill%22%3A%22%22%2C%22colorLabelsTextStroke%22%3A%22%22%2C%22colorAdministrativeGeometryStroke%22%3A%22%22%2C%22colorAdministrativeLandParcel%22%3A%22%22%2C%22colorLandscapeNaturalGeometry%22%3A%22%22%2C%22colorPoiGeometry%22%3A%22%22%2C%22colorPoiLabelsTextFill%22%3A%22%22%2C%22colorPoiParkGeometryFill%22%3A%22%22%2C%22colorPoiParkLabelsTextFill%22%3A%22%22%2C%22colorRoadGeometry%22%3A%22%22%2C%22colorRoadArterial%22%3A%22%22%2C%22colorRoadHighway%22%3A%22%22%2C%22colorRoadHighwayGeometryStroke%22%3A%22%22%2C%22colorRoadHighwayControlledAccessGeometry%22%3A%22%22%2C%22colorRoadHighwayControlledAccessGeometryStroke%22%3A%22%22%2C%22colorRoadLocalLabelsTextFill%22%3A%22%22%2C%22colorTransitLineGeometry%22%3A%22%22%2C%22colorTransitLineLabelsTextFill%22%3A%22%22%2C%22colorTransitLineLabelsTextStroke%22%3A%22%22%2C%22colorTransitStationGeometry%22%3A%22%22%2C%22colorWaterGeometryFill%22%3A%22%22%2C%22colorWaterLabelTextFill%22%3A%22%22%2C%22customGoogleMapsStyles%22%3A%22%5B%7B%5C%22featureType%5C%22%3A%5C%22water%5C%22%2C%5C%22elementType%5C%22%3A%5C%22geometry%5C%22%2C%5C%22stylers%5C%22%3A%5B%7B%5C%22color%5C%22%3A%5C%22%23e9e9e9%5C%22%7D%2C%7B%5C%22lightness%5C%22%3A17%7D%5D%7D%2C%7B%5C%22featureType%5C%22%3A%5C%22landscape%5C%22%2C%5C%22elementType%5C%22%3A%5C%22geometry%5C%22%2C%5C%22stylers%5C%22%3A%5B%7B%5C%22color%5C%22%3A%5C%22%23f5f5f5%5C%22%7D%2C%7B%5C%22lightness%5C%22%3A20%7D%5D%7D%2C%7B%5C%22featureType%5C%22%3A%5C%22road.highway%5C%22%2C%5C%22elementType%5C%22%3A%5C%22geometry.fill%5C%22%2C%5C%22stylers%5C%22%3A%5B%7B%5C%22color%5C%22%3A%5C%22%23ffffff%5C%22%7D%2C%7B%5C%22lightness%5C%22%3A17%7D%5D%7D%2C%7B%5C%22featureType%5C%22%3A%5C%22road.highway%5C%22%2C%5C%22elementType%5C%22%3A%5C%22geometry.stroke%5C%22%2C%5C%22stylers%5C%22%3A%5B%7B%5C%22color%5C%22%3A%5C%22%23ffffff%5C%22%7D%2C%7B%5C%22lightness%5C%22%3A29%7D%2C%7B%5C%22weight%5C%22%3A0.2%7D%5D%7D%2C%7B%5C%22featureType%5C%22%3A%5C%22road.arterial%5C%22%2C%5C%22elementType%5C%22%3A%5C%22geometry%5C%22%2C%5C%22stylers%5C%22%3A%5B%7B%5C%22color%5C%22%3A%5C%22%23ffffff%5C%22%7D%2C%7B%5C%22lightness%5C%22%3A18%7D%5D%7D%2C%7B%5C%22featureType%5C%22%3A%5C%22road.local%5C%22%2C%5C%22elementType%5C%22%3A%5C%22geometry%5C%22%2C%5C%22stylers%5C%22%3A%5B%7B%5C%22color%5C%22%3A%5C%22%23ffffff%5C%22%7D%2C%7B%5C%22lightness%5C%22%3A16%7D%5D%7D%2C%7B%5C%22featureType%5C%22%3A%5C%22poi%5C%22%2C%5C%22elementType%5C%22%3A%5C%22geometry%5C%22%2C%5C%22stylers%5C%22%3A%5B%7B%5C%22color%5C%22%3A%5C%22%23f5f5f5%5C%22%7D%2C%7B%5C%22lightness%5C%22%3A21%7D%5D%7D%2C%7B%5C%22featureType%5C%22%3A%5C%22poi.park%5C%22%2C%5C%22elementType%5C%22%3A%5C%22geometry%5C%22%2C%5C%22stylers%5C%22%3A%5B%7B%5C%22color%5C%22%3A%5C%22%23dedede%5C%22%7D%2C%7B%5C%22lightness%5C%22%3A21%7D%5D%7D%2C%7B%5C%22elementType%5C%22%3A%5C%22labels.text.stroke%5C%22%2C%5C%22stylers%5C%22%3A%5B%7B%5C%22visibility%5C%22%3A%5C%22on%5C%22%7D%2C%7B%5C%22color%5C%22%3A%5C%22%23ffffff%5C%22%7D%2C%7B%5C%22lightness%5C%22%3A16%7D%5D%7D%2C%7B%5C%22elementType%5C%22%3A%5C%22labels.text.fill%5C%22%2C%5C%22stylers%5C%22%3A%5B%7B%5C%22saturation%5C%22%3A36%7D%2C%7B%5C%22color%5C%22%3A%5C%22%23333333%5C%22%7D%2C%7B%5C%22lightness%5C%22%3A40%7D%5D%7D%2C%7B%5C%22elementType%5C%22%3A%5C%22labels.icon%5C%22%2C%5C%22stylers%5C%22%3A%5B%7B%5C%22visibility%5C%22%3A%5C%22off%5C%22%7D%5D%7D%2C%7B%5C%22featureType%5C%22%3A%5C%22transit%5C%22%2C%5C%22elementType%5C%22%3A%5C%22geometry%5C%22%2C%5C%22stylers%5C%22%3A%5B%7B%5C%22color%5C%22%3A%5C%22%23f2f2f2%5C%22%7D%2C%7B%5C%22lightness%5C%22%3A19%7D%5D%7D%2C%7B%5C%22featureType%5C%22%3A%5C%22administrative%5C%22%2C%5C%22elementType%5C%22%3A%5C%22geometry.fill%5C%22%2C%5C%22stylers%5C%22%3A%5B%7B%5C%22color%5C%22%3A%5C%22%23fefefe%5C%22%7D%2C%7B%5C%22lightness%5C%22%3A20%7D%5D%7D%2C%7B%5C%22featureType%5C%22%3A%5C%22administrative%5C%22%2C%5C%22elementType%5C%22%3A%5C%22geometry.stroke%5C%22%2C%5C%22stylers%5C%22%3A%5B%7B%5C%22color%5C%22%3A%5C%22%23fefefe%5C%22%7D%2C%7B%5C%22lightness%5C%22%3A17%7D%2C%7B%5C%22weight%5C%22%3A1.2%7D%5D%7D%5D%22%2C%22apiKey%22%3A%22AIzaSyDD81UVsNPDS4IDWVQQXB0L5AZxd0Q-crE%22%2C%22widgetId%22%3A%221%22%7D\" \n                data-elfsight-google-maps-version=\"2.4.2\"\n                data-elfsight-widget-id=\"elfsight-google-maps-1\">\n            <\/div>","protected":false},"excerpt":{"rendered":"<p>Ramadilla 1 PLANTA DE PROCESOS HECT\u00c1REAS 100 ha ESPECIES Naranjas, Clementinas CLIMA \u00c1rido VER UBICACI\u00d3N Ver m\u00e1s 2 Casas de Puangue PLANTA DE PROCESOS HECT\u00c1REAS 147 ha ESPECIES Nogal CLIMA Mediterr\u00e1neo de verano c\u00e1lido VER UBICACI\u00d3N Ver m\u00e1s 3 Puertas Coloradas HECT\u00c1REAS 91 ha ESPECIES Cerezo, Nogal CLIMA Mediterr\u00e1neo de verano c\u00e1lido VER UBICACI\u00d3N Ver&hellip;<\/p>","protected":false},"author":1,"featured_media":0,"parent":0,"menu_order":0,"comment_status":"closed","ping_status":"closed","template":"","meta":{"om_disable_all_campaigns":false,"inline_featured_image":false,"_mi_skip_tracking":false},"aioseo_notices":[],"_links":{"self":[{"href":"https:\/\/konafn.cl\/en\/wp-json\/wp\/v2\/pages\/19"}],"collection":[{"href":"https:\/\/konafn.cl\/en\/wp-json\/wp\/v2\/pages"}],"about":[{"href":"https:\/\/konafn.cl\/en\/wp-json\/wp\/v2\/types\/page"}],"author":[{"embeddable":true,"href":"https:\/\/konafn.cl\/en\/wp-json\/wp\/v2\/users\/1"}],"replies":[{"embeddable":true,"href":"https:\/\/konafn.cl\/en\/wp-json\/wp\/v2\/comments?post=19"}],"version-history":[{"count":79,"href":"https:\/\/konafn.cl\/en\/wp-json\/wp\/v2\/pages\/19\/revisions"}],"predecessor-version":[{"id":1190,"href":"https:\/\/konafn.cl\/en\/wp-json\/wp\/v2\/pages\/19\/revisions\/1190"}],"wp:attachment":[{"href":"https:\/\/konafn.cl\/en\/wp-json\/wp\/v2\/media?parent=19"}],"curies":[{"name":"wp","href":"https:\/\/api.w.org\/{rel}","templated":true}]}}