{"id":11,"date":"2020-09-17T22:06:43","date_gmt":"2020-09-18T01:06:43","guid":{"rendered":"https:\/\/ahui.cl\/?page_id=11"},"modified":"2022-02-07T16:10:32","modified_gmt":"2022-02-07T19:10:32","slug":"inicio","status":"publish","type":"page","link":"https:\/\/konafn.cl\/zh\/","title":{"rendered":"Inicio"},"content":{"rendered":"<h2>\n\t\t\u6211\u4eec\u7684\u76ee\u6807\n\t<\/h2>\n\t\u6210\u4e3a\u65b0\u9c9c\u6c34\u679c\u4e0e\u575a\u679c\u6700\u53ef\u6301\u7eed\u7684\u4f9b\u5e94\u5546\uff0c\u4e3a\u6211\u4eec\u5728\u667a\u5229\u53ca\u5168\u4e16\u754c\u7684\u5ba2\u6237\u63d0\u4f9b\u6700\u4f18\u670d\u52a1\u548c\u6700\u9ad8\u54c1\u8d28\u7684\u4ea7\u54c1\u3002<br \/>\ncon el mejor servicio y la m\u00e1s alta calidad para<br \/>\nnuestros clientes en Chile y el Mundo.\n\t\t\t<a href=\"https:\/\/konafn.cl\/zh\/nosotros\/\" target=\"_self\" role=\"button\" rel=\"noopener\">\n\t\t\t\t\t\t\t\u4e86\u89e3\u66f4\u591a\n\t\t\t\t\t<\/a>\n<h2>\n\t\t\u6211\u4eec\u7684\u4ea7\u54c1\n\t<\/h2>\n\t\t\t<a href=\"https:\/\/konafn.cl\/zh\/productos\/\" target=\"_self\" role=\"button\" rel=\"noopener\">\n\t\t\t\t\t\t\t\u4e86\u89e3\u66f4\u591a\n\t\t\t\t\t<\/a>\n<h2>\n\t\t\u8054\u7cfb\u6211\u4eec\n\t<\/h2>\n\t\t\t\t<img src=\"http:\/\/konafn.cl\/wp-content\/uploads\/2021\/07\/contact-img.png\" alt=\"contact-img\" itemprop=\"image\" title=\"contact-img\" onerror=\"this.style.display='none'\"  \/>\n\t\t\t<a href=\"https:\/\/konafn.cl\/zh\/contacto\/\" target=\"_self\" role=\"button\" rel=\"noopener\">\n\t\t\t\t\t\t\t\u53d1\u9001\u4fe1\u606f\n\t\t\t\t\t<\/a>","protected":false},"excerpt":{"rendered":"<p>Nuestro Prop\u00f3sito Ser el proveedor m\u00e1s sustentable de fruta fresca y frutos secos, con el mejor servicio y la m\u00e1s alta calidad para nuestros clientes en Chile y el Mundo. SABER M\u00c1S Nuestros Productos SABER M\u00c1S Cont\u00e1ctate con nosotros ENVIAR MENSAJE<\/p>","protected":false},"author":1,"featured_media":0,"parent":0,"menu_order":0,"comment_status":"closed","ping_status":"closed","template":"","meta":{"om_disable_all_campaigns":false,"inline_featured_image":false,"_mi_skip_tracking":false},"aioseo_notices":[],"_links":{"self":[{"href":"https:\/\/konafn.cl\/zh\/wp-json\/wp\/v2\/pages\/11"}],"collection":[{"href":"https:\/\/konafn.cl\/zh\/wp-json\/wp\/v2\/pages"}],"about":[{"href":"https:\/\/konafn.cl\/zh\/wp-json\/wp\/v2\/types\/page"}],"author":[{"embeddable":true,"href":"https:\/\/konafn.cl\/zh\/wp-json\/wp\/v2\/users\/1"}],"replies":[{"embeddable":true,"href":"https:\/\/konafn.cl\/zh\/wp-json\/wp\/v2\/comments?post=11"}],"version-history":[{"count":38,"href":"https:\/\/konafn.cl\/zh\/wp-json\/wp\/v2\/pages\/11\/revisions"}],"predecessor-version":[{"id":1168,"href":"https:\/\/konafn.cl\/zh\/wp-json\/wp\/v2\/pages\/11\/revisions\/1168"}],"wp:attachment":[{"href":"https:\/\/konafn.cl\/zh\/wp-json\/wp\/v2\/media?parent=11"}],"curies":[{"name":"wp","href":"https:\/\/api.w.org\/{rel}","templated":true}]}}