{"id":174,"date":"2020-09-21T21:41:43","date_gmt":"2020-09-22T00:41:43","guid":{"rendered":"https:\/\/ahui.cl\/?page_id=174"},"modified":"2021-08-24T15:10:08","modified_gmt":"2021-08-24T18:10:08","slug":"casas-de-puangue","status":"publish","type":"page","link":"https:\/\/konafn.cl\/zh\/los-campos\/casas-de-puangue\/","title":{"rendered":"Casas de Puangue"},"content":{"rendered":"<a href=\"https:\/\/konafn.cl\/zh\/los-campos\/\" target=\"_self\" role=\"button\" rel=\"noopener\">\n\t\t\t\t\t\t\u56de\u5230\u56ed\u533a\n\t\t\t\t\t<\/a>\n<h2>\n\t\tCasas de Puangue\n\t<\/h2>\n\t\t\t\t<img loading=\"lazy\" src=\"http:\/\/konafn.cl\/wp-content\/uploads\/2021\/08\/Planta_proceso.svg\" alt=\"Planta_proceso\" itemprop=\"image\" height=\"150\" width=\"150\" title=\"Planta_proceso\" onerror=\"this.style.display='none'\"  \/>\n<h4>\n\t\t\u52a0\u5de5\u5382\n\t<\/h4>\n\t<p>xxxx<\/p>\n\t\t\t\t<img src=\"http:\/\/konafn.cl\/wp-content\/uploads\/2020\/09\/Hectare-img.svg\" alt=\"146,74\" itemprop=\"image\" title=\"Hectare-img\" onerror=\"this.style.display='none'\"  \/>\n<h4>\n\t\t\u9762\u79ef\n\t<\/h4>\n\t<p>147 HA<\/p>\n\t\t\t\t<img src=\"http:\/\/konafn.cl\/wp-content\/uploads\/2020\/09\/nogal-image.svg\" alt=\"Nuez\" itemprop=\"image\" title=\"nogal-image\" onerror=\"this.style.display='none'\"  \/>\n<h4>\n\t\t\u79cd\u7c7b\n\t<\/h4>\n\t<p>\u6838\u6843<\/p>\n\t\t\t\t<img src=\"http:\/\/konafn.cl\/wp-content\/uploads\/2020\/09\/sun-image.svg\" alt=\"Mediterr\u00e1neo de verano c\u00e1lido\" itemprop=\"image\" title=\"sun-image\" onerror=\"this.style.display='none'\"  \/>\n<h4>\n\t\t\u5929\u6c14\n\t<\/h4>\n\t<p>\u708e\u70ed\u7684\u590f\u5b63\u5730\u4e2d\u6d77<\/p>\n\t\n            <div \n                class=\"elfsight-widget-weather elfsight-widget\" \n                data-elfsight-weather-options=\"%7B%22typeLocation%22%3A%22specificLocation%22%2C%22location%22%3A%22-33.642144%2C%20-71.302606%22%2C%22customLocationName%22%3A%22%22%2C%22lang%22%3A%22es%22%2C%22units%22%3A%22metric%22%2C%22windUnits%22%3A%22miles%22%2C%22pressureUnits%22%3A%22mb%22%2C%22timeFormat%22%3A%2212%22%2C%22layout%22%3A%22hourlyForecast%22%2C%22backgroundType%22%3A%22color%22%2C%22backgroundColor%22%3A%22rgba%2869%2C%2069%2C%2071%2C%200.81%29%22%2C%22dailyForecastBackgroundColor%22%3A%22rgb%28250%2C%20250%2C%20250%29%22%2C%22currentTemperatureSize%22%3A24%2C%22currentWeatherSize%22%3A24%2C%22iconsAnimation%22%3Atrue%2C%22showUnits%22%3Atrue%2C%22showAllDays%22%3Afalse%2C%22widgetId%22%3A%222%22%7D\" \n                data-elfsight-weather-version=\"1.3.1\"\n                data-elfsight-widget-id=\"elfsight-weather-2\">\n            <\/div>\n            \n<h4>\n\t\t\u611f\u5174\u8da3\u7684\u8d44\u6599\n\t<\/h4>\n\t\t\t<a href=\"http:\/\/konafn.cl\/wp-content\/uploads\/2020\/11\/Fundo-Casas-de-Puangue-Cuarteles-y-Plantaciones-06-06-2017.pdf\" target=\"_blank\" role=\"button\" rel=\"noopener\">\n\t\t\t\t\t\t\u603b\u4f53\u89c4\u5212\n\t\t\t\t\t<\/a>\n\t\t\t<a href=\"http:\/\/konafn.cl\/wp-content\/uploads\/2020\/11\/Casas-de-Puangue-Informe-Dr.-Santiba\u0301n\u0303ez.pdf\" target=\"_blank\" role=\"button\" rel=\"noopener\">\n\t\t\t\t\t\t\u519c\u4e1a\u6c14\u5019\u7814\u7a76\n\t\t\t\t\t<\/a>\n\t\t\t<a href=\"http:\/\/konafn.cl\/wp-content\/uploads\/2020\/11\/Estudio-de-Suelos-Fundo-Casas-de-Puangue.pdf\" target=\"_blank\" role=\"button\" rel=\"noopener\">\n\t\t\t\t\t\t\u571f\u58e4\u7814\u7a76\n\t\t\t\t\t<\/a>","protected":false},"excerpt":{"rendered":"<p>Volver a campos Casas de Puangue PLANTA DE PROCESOS xxxx HECT\u00c1REAS 147 HA ESPECIES Nogal CLIMA Mediterr\u00e1neo de verano c\u00e1lido MATERIAL DE INTER\u00c9S Masterplan Estudio Agroclima\u0301tico Estudio de Suelo<\/p>","protected":false},"author":1,"featured_media":0,"parent":19,"menu_order":0,"comment_status":"closed","ping_status":"closed","template":"","meta":{"om_disable_all_campaigns":false,"inline_featured_image":false,"_mi_skip_tracking":false},"aioseo_notices":[],"_links":{"self":[{"href":"https:\/\/konafn.cl\/zh\/wp-json\/wp\/v2\/pages\/174"}],"collection":[{"href":"https:\/\/konafn.cl\/zh\/wp-json\/wp\/v2\/pages"}],"about":[{"href":"https:\/\/konafn.cl\/zh\/wp-json\/wp\/v2\/types\/page"}],"author":[{"embeddable":true,"href":"https:\/\/konafn.cl\/zh\/wp-json\/wp\/v2\/users\/1"}],"replies":[{"embeddable":true,"href":"https:\/\/konafn.cl\/zh\/wp-json\/wp\/v2\/comments?post=174"}],"version-history":[{"count":21,"href":"https:\/\/konafn.cl\/zh\/wp-json\/wp\/v2\/pages\/174\/revisions"}],"predecessor-version":[{"id":955,"href":"https:\/\/konafn.cl\/zh\/wp-json\/wp\/v2\/pages\/174\/revisions\/955"}],"up":[{"embeddable":true,"href":"https:\/\/konafn.cl\/zh\/wp-json\/wp\/v2\/pages\/19"}],"wp:attachment":[{"href":"https:\/\/konafn.cl\/zh\/wp-json\/wp\/v2\/media?parent=174"}],"curies":[{"name":"wp","href":"https:\/\/api.w.org\/{rel}","templated":true}]}}