{"id":18,"date":"2020-09-17T22:08:00","date_gmt":"2020-09-18T01:08:00","guid":{"rendered":"https:\/\/ahui.cl\/?page_id=18"},"modified":"2022-02-08T16:01:23","modified_gmt":"2022-02-08T19:01:23","slug":"productos","status":"publish","type":"page","link":"https:\/\/konafn.cl\/zh\/productos\/","title":{"rendered":"\u4ea7\u54c1"},"content":{"rendered":"<h1>\n\t\t\t\t\u6838\u6843\n\t\t\t<\/h1>\n\t\t\t<p>+<\/p>\t\n\t<p><strong>\u6211\u4eec\u76ee\u524d\u62e5\u6709\u6838\u6843\u6811250\u51c0\u516c\u9877<\/strong>\u4e8e2017\u5e74\uff08231.62\u516c\u9877\uff09\u53ca2019\u5e74\uff0817.88\u516c\u9877\uff09\u79cd\u690d\u3002 <strong>\u5176\u4e2d90%\u662f\u5f3a\u7279\u52d2\u54c1\u79cd\uff0c10%\u662f\u601d\u79d1\u54c1\u79cd<\/strong> (\u7528\u4f5c\u6388\u7c89\u6811\uff09\u3002<\/p>\n<p><strong>\u5f3a\u7279\u52d2\u54c1\u79cd:<\/strong> \u7531\u7f8e\u56fd\u6234\u7ef4\u65af\u5927\u5b66\u7684\u80b2\u79cd\u8ba1\u5212\u5f00\u53d1\u7684\u54c1\u79cd\uff0c\u5176\u7279\u70b9\u662f\u6811\u52bf\u4e2d\u5eb8\uff0c\u6838\u4ec1\u54c1\u8d28\u6781\u4f73\uff0c\u4ece\u800c\u6210\u4e3a\u4e16\u754c\u4e0a\u79cd\u690d\u6700\u591a\u7684\u54c1\u79cd\u3002\u5b83\u572810\u6708\u5f00\u82b1\uff0c\u7b2c\u4e8c\u5e744\u6708\u5728\u6885\u5229\u76ae\u4e9a\u5730\u533a\u6536\u83b7\u3002\u679c\u5b9e\u7855\u5927\uff0c\u6838\u6843\u4ec1\u4e0e\u6838\u6843\u58f3\u7684\u6bd4\u4f8b\u8d85\u8fc750%\uff0c\u6d45\u8272\u548c\u7279\u6d45\u8272\u6838\u6843\u4ec1\u7684\u6bd4\u4f8b\u5360\u523090-100%\u3002<\/p>\n<p><strong>\u9884\u4f30\u4ea7\u91cf\uff08\u5428\/\u5e74):<\/strong> \u6211\u4eec\u9884\u8ba1\u6838\u6843\u7684\u5e74\u603b\u4ea7\u91cf\u5982\u4e0b:<\/p>\n<table  data-tablesaw-minimap>\n\t\t<thead>\n\t\t<tr>\n\t\t\t<th id=\"pp-table-col-1\" scope=\"col\" data-tablesaw-sortable-col>\u5e74\u4efd<\/th><th id=\"pp-table-col-2\" scope=\"col\" data-tablesaw-sortable-col>2020<\/th><th id=\"pp-table-col-3\" scope=\"col\" data-tablesaw-sortable-col>2021<\/th><th id=\"pp-table-col-4\" scope=\"col\" data-tablesaw-sortable-col>2022<\/th><th id=\"pp-table-col-5\" scope=\"col\" data-tablesaw-sortable-col>2023<\/th><th id=\"pp-table-col-6\" scope=\"col\" data-tablesaw-sortable-col>2024<\/th><th id=\"pp-table-col-7\" scope=\"col\" data-tablesaw-sortable-col>2025<\/th><th id=\"pp-table-col-8\" scope=\"col\" data-tablesaw-sortable-col>2026<\/th><th id=\"pp-table-col-9\" scope=\"col\" data-tablesaw-sortable-col>2027<\/th>\t\t<\/tr>\n\t<\/thead>\n\t\t<tbody>\n\t\t<tr><td>\u5428<\/td><td>146<\/td><td>470<\/td><td>1.000<\/td><td>1.400<\/td><td>1.750<\/td><td>1.850<\/td><td>1.850<\/td><td>1.850<\/td><\/tr>\t<\/tbody>\n<\/table>\n<h4>\n\t\t\u989c\u8272\n\t<\/h4>\n\t\t\t\t<img src=\"http:\/\/konafn.cl\/wp-content\/uploads\/2021\/08\/Walnut_Extralight.png\" alt=\"Walnut_Extralight\" itemprop=\"image\" title=\"Walnut_Extralight\" onerror=\"this.style.display='none'\"  \/>\n\t<p>Extra Light<\/p>\n\t\t\t\t<img src=\"http:\/\/konafn.cl\/wp-content\/uploads\/2021\/08\/Walnut_light.png\" alt=\"Walnut_light\" itemprop=\"image\" title=\"Walnut_light\" onerror=\"this.style.display='none'\"  \/>\n\t<p>Light<\/p>\n\t\t\t\t<img src=\"http:\/\/konafn.cl\/wp-content\/uploads\/2021\/08\/Walnut_LightAmber.png\" alt=\"Walnut_LightAmber\" itemprop=\"image\" title=\"Walnut_LightAmber\" onerror=\"this.style.display='none'\"  \/>\n\t<p>Light amber<\/p>\n\t\t\t\t<img src=\"http:\/\/konafn.cl\/wp-content\/uploads\/2021\/12\/yellow-288x300.png\" alt=\"yellow\" itemprop=\"image\" title=\"yellow\" onerror=\"this.style.display='none'\"  \/>\n\t<p>Yellow<\/p>\n\t\t\t\t<img src=\"http:\/\/konafn.cl\/wp-content\/uploads\/2021\/08\/Walnut_Amber.png\" alt=\"Walnut_Amber\" itemprop=\"image\" title=\"Walnut_Amber\" onerror=\"this.style.display='none'\"  \/>\n\t<p>Amber<\/p>\n<h4>\n\t\t\u76f4\u5f84\n\t<\/h4>\n                        <img src=\"\/wp-content\/uploads\/2021\/08\/nuez-final.svg\"\/>\n                         <p>-26<\/p>\n                        <img src=\"\/wp-content\/uploads\/2021\/08\/nuez-final.svg\"\/>\n                         <p>26-28<\/p>\n                        <img src=\"\/wp-content\/uploads\/2021\/08\/nuez-final.svg\"\/>\n                         <p>28-30<\/p>\n                        <img src=\"\/wp-content\/uploads\/2021\/08\/nuez-final.svg\"\/>\n                         <p>30-32<\/p>\n                        <img src=\"\/wp-content\/uploads\/2021\/08\/nuez-final.svg\"\/>\n                         <p>32-34<\/p>\n                        <img src=\"\/wp-content\/uploads\/2021\/08\/nuez-final.svg\"\/>\n                         <p>34-36<\/p>\n                        <img src=\"\/wp-content\/uploads\/2021\/08\/nuez-final.svg\"\/>\n                         <p>36-38<\/p>\n                        <img src=\"\/wp-content\/uploads\/2021\/08\/nuez-final.svg\"\/>\n                         <p>+38<\/p>\n<h4>\n\t\t\u5305\u88c5\n\t<\/h4>\n             \n                <img src=\"\/wp-content\/uploads\/2021\/09\/saco-konal.svg\" width=\"\"\/>\n             \n            \n            \n            <spam>\u888b <\/spam>\n            <ul>\n             \t<li>10 Kgs<\/li>\n             \t<li>25 Kgs<\/li>\n            <\/ul>\n             \n                <img src=\"\/wp-content\/uploads\/2021\/09\/box-kona.svg\" width=\"\"\/>\n             \n            <spam>\u7bb1 <\/spam>\n            <ul>\n             \t<li>10 Kgs<\/li>\n            <\/ul>\n\t\t\t\t<img src=\"http:\/\/konafn.cl\/wp-content\/uploads\/2020\/09\/nogal-image.svg\" alt=\"Nuez\" itemprop=\"image\" title=\"nogal-image\" onerror=\"this.style.display='none'\"  \/>\n<h4>\n\t\t\u54c1\u79cd\n\t<\/h4>\n\t<p>\u5f3a\u7279\u52d2\u54c1\u79cd<\/p>\n\t\t\t\t<img src=\"http:\/\/konafn.cl\/wp-content\/uploads\/2020\/09\/Hectare-img.svg\" alt=\"146,74\" itemprop=\"image\" title=\"Hectare-img\" onerror=\"this.style.display='none'\"  \/>\n<h4>\n\t\t\u9762\u79ef\n\t<\/h4>\n\t<p>530 Ha<\/p>\n\t\t7,500\n\t\t\t\t\tRENDIMIENTO ESPERADO ( KG \/ HA )\n\t\t\t<a href=\"http:\/\/konafn.cl\/wp-content\/uploads\/2021\/12\/3-Ficha_Te\u0301cnica_Nuez_con_cascara-ING.pdf\" target=\"_blank\" role=\"button\" rel=\"noopener\">\n\t\t\t\t\t\t\t\u4e0b\u8f7d\u6280\u672f\u89c4\u683c\u8868\n\t\t\t\t\t<\/a>\n\t<h1>\n\t\t\t\t\u5f00\u5fc3\u679c\n\t\t\t<\/h1>\n\t\t\t<p>+<\/p>\t\n\t\n<p><strong>\u8428\u745e\u4e50\u54c1\u79cd:<\/strong> \u6fb3\u5927\u5229\u4e9a\u57f9\u80b2\u7684\u54c1\u79cd\uff0c\u4e30\u4ea7\u6027\u5f3a\uff0c\u4ea7\u91cf\u9ad8\u3002\u679c\u5b9e\u4e2d\u5927\u578b\uff0c\u679c\u5b9e\u5f62\u72b6\u4e3a\u957f\u5375\u5706\u5f62\uff0c\u8fd9\u4f7f\u5b83\u6210\u4e3a\u4e00\u79cd\u975e\u5e38\u5177\u5438\u5f15\u529b\u7684\u6c34\u679c\uff0c\u5f00\u88c2\u6bd4\u7387\u8f83\u9ad8\u3002\u5728\u6885\u5229\u76ae\u4e9a\u5730\u533a\uff0c\u5b83\u572810\u6708\u5f00\u82b1\uff0c\u7b2c\u4e8c\u5e743\u6708\u6536\u83b7\u3002<\/p>\n<p><strong>\u7ea2\u963f\u52d2\u9887\u54c1\u79cd:<\/strong> \u8fd9\u4e00\u54c1\u79cd\u6709\u975e\u5e38\u8bf1\u4eba\u7684\u679c\u5b9e\uff0c\u679c\u4ec1\u989c\u8272\u6d53\u7eff\uff0c\u6811\u4e0a\u7684\u679c\u5b9e\u6709\u79cd\u7279\u522b\u7684\u7ea2\u8272\u8c03\uff0c\u5176\u6536\u83b7\u671f\u6bd4\u897f\u7f57\u62c9\u65e9\uff0c\u679c\u5b9e\u7565\u5c0f\uff0c\u5f00\u88c2\u975e\u5e38\u597d\uff0c\u4ea7\u91cf\u8f83\u9ad8\u3002<\/p>\n<p><strong>\u91d1\u5c71\u8c37\u54c1\u79cd\uff1a<\/strong>  \u5f00\u82b1\u665a\uff0c\u679c\u6811\u76f4\u7acb\u751f\u957f\uff0c\u6811\u76ae\u989c\u8272\u4e0e\u514b\u5c14\u66fc\u54c1\u79cd\u975e\u5e38\u76f8\u4f3c\uff0c\u91d1\u5c71\u8c37\u54c1\u79cd\u7684\u679c\u5b9e\u8f83\u9ad8\u4ea7\uff0c\u5f00\u88c2\u6bd4\u7387\u9ad8\u3002\u8be5\u54c1\u79cd\u7684\u5f00\u5fc3\u679c\u679c\u4e2a\u5927\u800c\u5706\uff0c\u5916\u58f3\u975e\u5e38\u767d\u3002<\/p>\n<p><strong>\u9884\u4f30\u4ea7\u91cf\uff08\u5428\/\u5e74):<\/strong> \u6211\u4eec\u9884\u8ba1\u5f00\u5fc3\u679c\u7684\u5e74\u603b\u4ea7\u91cf\u5982\u4e0b\uff1a<\/p>\n\t\t\t\t<img src=\"https:\/\/ahui.cl\/wp-content\/uploads\/2020\/09\/pistachos-img.svg\" alt=\"pistachos-img\" itemprop=\"image\" title=\"pistachos-img\" onerror=\"this.style.display='none'\"  \/>\n<h4>\n\t\t\u54c1\u79cd\n\t<\/h4>\n\t<p>\u8428\u745e\u4e50\u54c1\u79cd, \u7ea2\u963f\u52d2\u9887\u54c1\u79cd<br \/>\u91d1\u5c71\u8c37\u54c1\u79cd<\/p>\n\t\t\t\t<img src=\"https:\/\/ahui.cl\/wp-content\/uploads\/2020\/09\/Hectare-img.svg\" alt=\"146,74\" itemprop=\"image\" title=\"Hectare-img\" onerror=\"this.style.display='none'\"  \/>\n<h4>\n\t\t\u9762\u79ef\n\t<\/h4>\n\t<p>30 Ha<\/p>\n\t\t3,500\n\t\t\t\t\tRENDIMIENTO ESPERADO ( KG \/ HA )\n<table  data-tablesaw-minimap>\n\t\t<thead>\n\t\t<tr>\n\t\t\t<th id=\"pp-table-col-1\" scope=\"col\" data-tablesaw-sortable-col>\u5e74\u4efd<\/th><th id=\"pp-table-col-2\" scope=\"col\" data-tablesaw-sortable-col>2021<\/th><th id=\"pp-table-col-3\" scope=\"col\" data-tablesaw-sortable-col>2022<\/th><th id=\"pp-table-col-4\" scope=\"col\" data-tablesaw-sortable-col>2023<\/th><th id=\"pp-table-col-5\" scope=\"col\" data-tablesaw-sortable-col>2024<\/th><th id=\"pp-table-col-6\" scope=\"col\" data-tablesaw-sortable-col>2025<\/th><th id=\"pp-table-col-7\" scope=\"col\" data-tablesaw-sortable-col>2026<\/th><th id=\"pp-table-col-8\" scope=\"col\" data-tablesaw-sortable-col>2027<\/th><th id=\"pp-table-col-9\" scope=\"col\" data-tablesaw-sortable-col>2028<\/th><th id=\"pp-table-col-10\" scope=\"col\" data-tablesaw-sortable-col>2029<\/th><th id=\"pp-table-col-11\" scope=\"col\" data-tablesaw-sortable-col>2030<\/th><th id=\"pp-table-col-12\" scope=\"col\" data-tablesaw-sortable-col>2031<\/th>\t\t<\/tr>\n\t<\/thead>\n\t\t<tbody>\n\t\t<tr><td>\u5428<\/td><td>1<\/td><td>6<\/td><td>9<\/td><td>15<\/td><td>26<\/td><td>39<\/td><td>59<\/td><td>80<\/td><td>97<\/td><td>121<\/td><td>133<\/td><\/tr>\t<\/tbody>\n<\/table>\n\t<h1>\n\t\t\t\t\u6a31\u6843\n\t\t\t<\/h1>\n\t\t\t<p>+<\/p>\t\n\t<p><strong>020\u5e74\uff0c\u6a31\u6843\u7684\u79cd\u690d\u9762\u79ef\u4e3a37\u51c0\u516c\u9877<\/strong>, \u53ea <strong>\u53ea\u79cd\u690d\u6851\u63d0\u5a1c\u54c1\u79cd<\/strong>\u4e0e\u8003\u7279\u7827\u6728\u548cMaxma 14\u7827\u6728\u5ac1\u63a5\u3002<\/p>\n<p><strong>\u6851\u63d0\u5a1c\u54c1\u79cd:<\/strong> \u8fd9\u662f\u4e00\u4e2a\u81ea\u82b1\u6388\u7c89\u7684\u54c1\u79cd\uff0c\u6e90\u81ea\u52a0\u62ff\u5927\u8428\u9ed8\u5170\u8bd5\u9a8c\u7ad9\u3002\u9009\u62e9\u8be5\u54c1\u79cd\u7684\u539f\u56e0\u662f\uff1a\u5176\u679c\u5b9e\u5728\u5927\u5c0f\u3001\u989c\u8272\u3001\u7cd6\u9178\u6bd4\u7b49\u65b9\u9762\u54c1\u8d28\u8f83\u4f18\uff0c\u72b6\u51b5\u975e\u5e38\u597d\uff0c\u679c\u8089\u7ed3\u5b9e\uff0c\u4ece\u800c\u80fd\u627f\u53d7\u8fdc\u81f3\u4e9a\u6d32\u7684\u957f\u9014\u8fd0\u8f93\u5e76\u4fdd\u6301\u5176\u65b0\u9c9c\u5ea6\uff1b\u6b64\u5916\uff0c\u8be5\u54c1\u79cd\u5728\u6885\u5229\u76ae\u4e9a\u5730\u533a\u4e8e11\u6708\u4efd\u6536\u83b7\uff0c\u662f\u4e2d\u82b1\u671f\u7684\u65e9\u719f\u54c1\u79cd\u3002<\/p>\n<p><strong>\u9884\u4f30\u4ea7\u91cf\uff08\u5428\/\u5e74):<\/strong> \u6211\u4eec\u9884\u8ba1\u6a31\u6843\u7684\u5e74\u603b\u4ea7\u91cf\u5982\u4e0b:<\/p>\n\t\t\t\t<img src=\"http:\/\/konafn.cl\/wp-content\/uploads\/2020\/09\/cherrys-img.svg\" alt=\"cherrys-img\" itemprop=\"image\" title=\"cherrys-img\" onerror=\"this.style.display='none'\"  \/>\n<h4>\n\t\t\u54c1\u79cd\n\t<\/h4>\n\t<p>\u6851\u63d0\u5a1c\u54c1\u79cd<\/p>\n\t\t\t\t<img src=\"http:\/\/konafn.cl\/wp-content\/uploads\/2020\/09\/Hectare-img.svg\" alt=\"146,74\" itemprop=\"image\" title=\"Hectare-img\" onerror=\"this.style.display='none'\"  \/>\n<h4>\n\t\t\u9762\u79ef\n\t<\/h4>\n\t<p>37 Ha<\/p>\n\t\t12,500\n\t\t\t\t\tRENDIMIENTO ESPERADO ( KG \/ HA )\n<table  data-tablesaw-minimap>\n\t\t<thead>\n\t\t<tr>\n\t\t\t<th id=\"pp-table-col-1\" scope=\"col\" data-tablesaw-sortable-col>\u5e74\u4efd<\/th><th id=\"pp-table-col-2\" scope=\"col\" data-tablesaw-sortable-col>2022<\/th><th id=\"pp-table-col-3\" scope=\"col\" data-tablesaw-sortable-col>2023<\/th><th id=\"pp-table-col-4\" scope=\"col\" data-tablesaw-sortable-col>2024<\/th><th id=\"pp-table-col-5\" scope=\"col\" data-tablesaw-sortable-col>2025<\/th><th id=\"pp-table-col-6\" scope=\"col\" data-tablesaw-sortable-col>2026<\/th><th id=\"pp-table-col-7\" scope=\"col\" data-tablesaw-sortable-col>2027<\/th><th id=\"pp-table-col-8\" scope=\"col\" data-tablesaw-sortable-col>2028<\/th>\t\t<\/tr>\n\t<\/thead>\n\t\t<tbody>\n\t\t<tr><td>\u5428<\/td><td>10<\/td><td>30<\/td><td>190<\/td><td>400<\/td><td>500<\/td><td>500<\/td><td>500<\/td><\/tr>\t<\/tbody>\n<\/table>\n\t<h1>\n\t\t\t\t\u6a59\n\t\t\t<\/h1>\n\t\t\t<p>+<\/p>\t\n\t<p><strong>2021\u5e749\u6708\uff0c\u6a59\u6811\u7684\u79cd\u690d\u9762\u79ef\u4e3a25\u51c0\u516c\u9877<\/strong>, \u53ea <strong>\u79cd\u690d\u5361\u62c9\u5361\u62c9\u54c1\u79cd<\/strong>\u4e0eC-35\u7827\u6728\u5ac1\u63a5\u3002<\/p>\n<p><strong>\u5361\u62c9\u5361\u62c9\u54c1\u79cd:<\/strong> \u5b83\u662f\u8110\u6a59\u7ec4\u7684\u4e00\u4e2a\u54c1\u79cd\uff08\u6709\u8110\uff09\uff0c\u5176\u7279\u70b9\u662f\u679c\u8089\u5448\u7ea2\u8272\uff0c\u5473\u9053\u7279\u522b\u751c\uff0c\u5728\u4e9a\u6d32\u5e02\u573a\u975e\u5e38\u53d7\u6b22\u8fce\u3002\u6d88\u8d39\u8005\u5f88\u5bb9\u6613\u5c31\u8ba4\u51fa\u5176\u7ea2\u8272\u679c\u8089\uff0c\u662f\u8be5\u54c1\u79cd\u5728\u6a59\u5b50\u5e02\u573a\u4e0a\u4e00\u4e2a\u5f88\u5927\u7684\u4f18\u52bf\uff0c\u901a\u5e38\u6d88\u8d39\u8005\u5bf9\u54c1\u79cd\u4e0d\u662f\u5f88\u6e05\u695a\uff0c\u5728\u6311\u9009\u6a59\u5b50\u65f6\u6ca1\u6709\u628a\u63e1\u3002<\/p>\n<p><strong>\u9884\u4f30\u4ea7\u91cf\uff08\u5428\/\u5e74):<\/strong> \u6211\u4eec\u9884\u8ba1\u6a59\u5b50\u7684\u5e74\u603b\u4ea7\u91cf\u5982\u4e0b:<\/p>\n\t\t\t\t<img src=\"http:\/\/konafn.cl\/wp-content\/uploads\/2020\/11\/Orange_big.png\" alt=\"Orange_big\" itemprop=\"image\" title=\"Orange_big\" onerror=\"this.style.display='none'\"  \/>\n<h4>\n\t\t\u54c1\u79cd\n\t<\/h4>\n\t<p>\u5361\u62c9\u5361\u62c9\u54c1\u79cd<\/p>\n\t\t\t\t<img src=\"http:\/\/konafn.cl\/wp-content\/uploads\/2020\/09\/Hectare-img.svg\" alt=\"146,74\" itemprop=\"image\" title=\"Hectare-img\" onerror=\"this.style.display='none'\"  \/>\n<h4>\n\t\t\u9762\u79ef\n\t<\/h4>\n\t<p>25 Ha<\/p>\n\t\t35,000\n\t\t\t\t\tRENDIMIENTO ESPERADO ( KG \/ HA )\n<table  data-tablesaw-minimap>\n\t\t<thead>\n\t\t<tr>\n\t\t\t<th id=\"pp-table-col-1\" scope=\"col\" data-tablesaw-sortable-col>\u5e74\u4efd<\/th><th id=\"pp-table-col-2\" scope=\"col\" data-tablesaw-sortable-col>2024<\/th><th id=\"pp-table-col-3\" scope=\"col\" data-tablesaw-sortable-col>2025<\/th><th id=\"pp-table-col-4\" scope=\"col\" data-tablesaw-sortable-col>2026<\/th><th id=\"pp-table-col-5\" scope=\"col\" data-tablesaw-sortable-col>2027<\/th><th id=\"pp-table-col-6\" scope=\"col\" data-tablesaw-sortable-col>2028<\/th><th id=\"pp-table-col-7\" scope=\"col\" data-tablesaw-sortable-col>2029<\/th><th id=\"pp-table-col-8\" scope=\"col\" data-tablesaw-sortable-col>2030<\/th><th id=\"pp-table-col-9\" scope=\"col\" data-tablesaw-sortable-col>2031<\/th><th id=\"pp-table-col-10\" scope=\"col\" data-tablesaw-sortable-col>2032<\/th>\t\t<\/tr>\n\t<\/thead>\n\t\t<tbody>\n\t\t<tr><td>\u5428<\/td><td>76<\/td><td>250<\/td><td>625<\/td><td>1000<\/td><td>1250<\/td><td>1250<\/td><td>1250<\/td><td>1250<\/td><td>1250<\/td><\/tr>\t<\/tbody>\n<\/table>\n\t<h1>\n\t\t\t\t\u514b\u91cc\u8fc8\u4e01\u7ea2\u6854\n\t\t\t<\/h1>\n\t\t\t<p>+<\/p>\t\n\t<p><strong>2021\u5e749\u6708\uff0c\u514b\u91cc\u8fc8\u4e01\u7ea2\u6854\u7684\u79cd\u690d\u9762\u79ef\u4e3a75\u51c0\u516c\u9877\uff0c\u79cd\u690d\u6bd4\u4f8b\u5982\u4e0b:<\/strong> \u5965\u7f57\u52aa\u5c14\u65af\u54c1\u79cd12.5\u516c\u9877\uff1b\u5965\u7f57\u683c\u5170\u5fb7\u54c1\u79cd50\u516c\u9877\uff1b\u514b\u91cc\u95e8\u52aa\u65af12.5\u516c\u9877\uff0c\u4ee5\u4e0a\u5747\u4e3a\u6b63\u5728\u5f00\u53d1\u4e2d\u3002<\/p>\n<p><strong>\u5965\u7f57\u52aa\u5c14\u65af\u54c1\u79cd:<\/strong> \u662f\u514b\u91cc\u8fc8\u4e01\u7fa4\u7cfb\u4e2d\u6700\u65e9\u7684\u54c1\u79cd\uff0c\u5927\u5c0f\u9002\u4e2d\uff0c\u7cd6\u9178\u6bd4\u597d\u3002\u4e3a\u8be5\u54c1\u79cd\u9009\u62e9\u7684\u7827\u6728\u662f50% Macrophylla\u7827\u6728\u548c50% C-35\u7827\u6728\u3002<\/p>\n<p><strong>\u5965\u7f57\u683c\u5170\u5fb7\u54c1\u79cd:<\/strong> \u662f\u679c\u5b9e\u8f83\u5927\u7684\u65e9\u719f\u54c1\u79cd\uff0c\u665a\u4e8e\u5965\u7f57\u52aa\u5c14\u65af\uff0c\u65e9\u4e8e\u514b\u91cc\u95e8\u52aa\u65af\uff0c\u7cd6\u9178\u6bd4\u597d\uff0c\u4e3a\u51fa\u53e3\u5e02\u573a\u79cd\u690d\u3002\u4e3a\u8be5\u54c1\u79cd\u9009\u62e9\u7684\u7827\u6728\u662f100% C-35\u7827\u6728\u3002<\/p>\n<p><strong>\u514b\u91cc\u95e8\u52aa\u65af\u54c1\u79cd:<\/strong> \u662f\u6bd4\u8f83\u665a\u719f\u7684\u54c1\u79cd\uff0c\u5c3a\u5bf8\u9002\u4e2d\uff0c\u989c\u8272\u9c9c\u8273\uff0c\u91c7\u540e\u54c1\u76f8\u975e\u5e38\u597d\uff0c\u4e3a\u51fa\u53e3\u5e02\u573a\u79cd\u690d\uff0c\u4e3a\u8be5\u54c1\u79cd\u9009\u62e9\u7684\u7827\u6728\u662f100% C-35\u7827\u6728\u3002<\/p>\n<p><strong>\u9884\u4f30\u4ea7\u91cf\uff08\u5428\/\u5e74):<\/strong> \u6211\u4eec\u9884\u8ba1\u6a31\u6843\u7684\u5e74\u603b\u4ea7\u91cf\u5982\u4e0b:<\/p>\n\t\t\t\t<img src=\"http:\/\/konafn.cl\/wp-content\/uploads\/2020\/11\/Clementine_Big.png\" alt=\"Clementine_Big\" itemprop=\"image\" title=\"Clementine_Big\" onerror=\"this.style.display='none'\"  \/>\n<h4>\n\t\t\u54c1\u79cd\n\t<\/h4>\n\t\u5965\u7f57\u683c\u5170\u5fb7\u54c1\u79cd<br \/>\n\u514b\u91cc\u95e8\u52aa\u65af\u54c1\u79cd, \u5965\u7f57\u52aa\u5c14\u65af\u54c1\u79cd\n\t\t\t\t<img src=\"http:\/\/konafn.cl\/wp-content\/uploads\/2020\/09\/Hectare-img.svg\" alt=\"146,74\" itemprop=\"image\" title=\"Hectare-img\" onerror=\"this.style.display='none'\"  \/>\n<h4>\n\t\t\u9762\u79ef\n\t<\/h4>\n\t<p>75 Ha<\/p>\n\t\t45,000\n\t\t\t\t\tRENDIMIENTO ESPERADO ( KG \/ HA )\n<table  data-tablesaw-minimap>\n\t\t<thead>\n\t\t<tr>\n\t\t\t<th id=\"pp-table-col-1\" scope=\"col\" data-tablesaw-sortable-col>\u5e74\u4efd<\/th><th id=\"pp-table-col-2\" scope=\"col\" data-tablesaw-sortable-col>2024<\/th><th id=\"pp-table-col-3\" scope=\"col\" data-tablesaw-sortable-col>2025<\/th><th id=\"pp-table-col-4\" scope=\"col\" data-tablesaw-sortable-col>2026<\/th><th id=\"pp-table-col-5\" scope=\"col\" data-tablesaw-sortable-col>2027<\/th><th id=\"pp-table-col-6\" scope=\"col\" data-tablesaw-sortable-col>2028<\/th><th id=\"pp-table-col-7\" scope=\"col\" data-tablesaw-sortable-col>2029<\/th><th id=\"pp-table-col-8\" scope=\"col\" data-tablesaw-sortable-col>2030<\/th>\t\t<\/tr>\n\t<\/thead>\n\t\t<tbody>\n\t\t<tr><td>\u5428<\/td><td>230<\/td><td>750<\/td><td>1850<\/td><td>3000<\/td><td>3400<\/td><td>3400<\/td><td>3400<\/td><\/tr>\t<\/tbody>\n<\/table>","protected":false},"excerpt":{"rendered":"<p>Nueces + Tenemos en la actualidad 250 hect\u00e1reas netas de nogales, las cuales fueron plantadas el a\u00f1o 2017 (231,62 h\u00e1s) y el a\u00f1o 2019 (17,88 H\u00e1s). La variedad plantada es Chandler en un 90% y un 10% de Cisco (utilizada como polinizante): Chandler: Es una variedad desarrollada por el programa de mejoramiento de la Universidad&hellip;<\/p>","protected":false},"author":1,"featured_media":0,"parent":0,"menu_order":0,"comment_status":"closed","ping_status":"closed","template":"","meta":{"om_disable_all_campaigns":false,"inline_featured_image":false,"_mi_skip_tracking":false},"aioseo_notices":[],"_links":{"self":[{"href":"https:\/\/konafn.cl\/zh\/wp-json\/wp\/v2\/pages\/18"}],"collection":[{"href":"https:\/\/konafn.cl\/zh\/wp-json\/wp\/v2\/pages"}],"about":[{"href":"https:\/\/konafn.cl\/zh\/wp-json\/wp\/v2\/types\/page"}],"author":[{"embeddable":true,"href":"https:\/\/konafn.cl\/zh\/wp-json\/wp\/v2\/users\/1"}],"replies":[{"embeddable":true,"href":"https:\/\/konafn.cl\/zh\/wp-json\/wp\/v2\/comments?post=18"}],"version-history":[{"count":161,"href":"https:\/\/konafn.cl\/zh\/wp-json\/wp\/v2\/pages\/18\/revisions"}],"predecessor-version":[{"id":1169,"href":"https:\/\/konafn.cl\/zh\/wp-json\/wp\/v2\/pages\/18\/revisions\/1169"}],"wp:attachment":[{"href":"https:\/\/konafn.cl\/zh\/wp-json\/wp\/v2\/media?parent=18"}],"curies":[{"name":"wp","href":"https:\/\/api.w.org\/{rel}","templated":true}]}}