{"id":873,"date":"2021-07-29T17:39:20","date_gmt":"2021-07-29T20:39:20","guid":{"rendered":"https:\/\/kona.bemars.com\/?page_id=873"},"modified":"2021-08-24T16:11:20","modified_gmt":"2021-08-24T19:11:20","slug":"el-gorrion","status":"publish","type":"page","link":"https:\/\/konafn.cl\/zh\/los-campos\/el-gorrion\/","title":{"rendered":"El Gorri\u00f3n"},"content":{"rendered":"<a href=\"https:\/\/konafn.cl\/zh\/los-campos\/\" target=\"_self\" role=\"button\" rel=\"noopener\">\n\t\t\t\t\t\t\u56de\u5230\u56ed\u533a\n\t\t\t\t\t<\/a>\n<h2>\n\t\tEl  Gorr\u00edon\n\t<\/h2>\n\t\t\t\t<img loading=\"lazy\" src=\"http:\/\/konafn.cl\/wp-content\/uploads\/2021\/08\/plant-process.svg\" alt=\"plant-process\" itemprop=\"image\" height=\"150\" width=\"150\" title=\"plant-process\" onerror=\"this.style.display='none'\"  \/>\n    <h4>PlANTA DE PROCESOS<\/h4>\n<p>xxxxx<\/p>\n\t\t\t\t<img loading=\"lazy\" src=\"http:\/\/konafn.cl\/wp-content\/uploads\/2021\/08\/Sin-titulo-2.svg\" alt=\"Sin t\u00edtulo-2\" itemprop=\"image\" height=\"150\" width=\"150\" title=\"Sin t\u00edtulo-2\" onerror=\"this.style.display='none'\"  \/>\n    <h4>\u9762\u79ef<\/h4>\n<p>216HA<\/p>\n\t\t\t\t<img loading=\"lazy\" src=\"http:\/\/konafn.cl\/wp-content\/uploads\/2021\/08\/clementinas-naranjas.svg\" alt=\"clementinas-naranjas\" itemprop=\"image\" height=\"150\" width=\"150\" title=\"clementinas-naranjas\" onerror=\"this.style.display='none'\"  \/>\n    <h4>\u79cd\u7c7b<\/h4>\n<p>Naranjas, Clementinas<\/p>\n\t\t\t\t<img loading=\"lazy\" src=\"http:\/\/konafn.cl\/wp-content\/uploads\/2021\/08\/sun-image.svg\" alt=\"sun-image\" itemprop=\"image\" height=\"150\" width=\"150\" title=\"sun-image\" onerror=\"this.style.display='none'\"  \/>\n    <h4>\u5929\u6c14<\/h4>\n<p>\u708e\u70ed\u7684\u590f\u5b63\u5730\u4e2d\u6d77<\/p>\n\t\n            <div \n                class=\"elfsight-widget-weather elfsight-widget\" \n                data-elfsight-weather-options=\"%7B%22typeLocation%22%3A%22specificLocation%22%2C%22location%22%3A%22-36.079998%2C-71.6289897%22%2C%22customLocationName%22%3A%22%22%2C%22lang%22%3A%22es%22%2C%22units%22%3A%22metric%22%2C%22windUnits%22%3A%22miles%22%2C%22pressureUnits%22%3A%22mb%22%2C%22timeFormat%22%3A%2212%22%2C%22layout%22%3A%22hourlyForecast%22%2C%22backgroundType%22%3A%22color%22%2C%22backgroundColor%22%3A%22rgba%2869%2C%2069%2C%2071%2C%200.81%29%22%2C%22dailyForecastBackgroundColor%22%3A%22rgb%28250%2C%20250%2C%20250%29%22%2C%22currentTemperatureSize%22%3A24%2C%22currentWeatherSize%22%3A24%2C%22iconsAnimation%22%3Atrue%2C%22showUnits%22%3Atrue%2C%22showAllDays%22%3Afalse%2C%22widgetId%22%3A%226%22%7D\" \n                data-elfsight-weather-version=\"1.3.1\"\n                data-elfsight-widget-id=\"elfsight-weather-6\">\n            <\/div>","protected":false},"excerpt":{"rendered":"<p>Volver a campos El Gorr\u00edon PlANTA DE PROCESOS xxxxx HECT\u00c1REAS 216HA ESPECIES Naranjas, Clementinas CLIMA Mediterr\u00e1neo de verano c\u00e1lido<\/p>","protected":false},"author":1,"featured_media":0,"parent":19,"menu_order":0,"comment_status":"closed","ping_status":"closed","template":"","meta":{"om_disable_all_campaigns":false,"inline_featured_image":false,"_mi_skip_tracking":false},"aioseo_notices":[],"_links":{"self":[{"href":"https:\/\/konafn.cl\/zh\/wp-json\/wp\/v2\/pages\/873"}],"collection":[{"href":"https:\/\/konafn.cl\/zh\/wp-json\/wp\/v2\/pages"}],"about":[{"href":"https:\/\/konafn.cl\/zh\/wp-json\/wp\/v2\/types\/page"}],"author":[{"embeddable":true,"href":"https:\/\/konafn.cl\/zh\/wp-json\/wp\/v2\/users\/1"}],"replies":[{"embeddable":true,"href":"https:\/\/konafn.cl\/zh\/wp-json\/wp\/v2\/comments?post=873"}],"version-history":[{"count":15,"href":"https:\/\/konafn.cl\/zh\/wp-json\/wp\/v2\/pages\/873\/revisions"}],"predecessor-version":[{"id":971,"href":"https:\/\/konafn.cl\/zh\/wp-json\/wp\/v2\/pages\/873\/revisions\/971"}],"up":[{"embeddable":true,"href":"https:\/\/konafn.cl\/zh\/wp-json\/wp\/v2\/pages\/19"}],"wp:attachment":[{"href":"https:\/\/konafn.cl\/zh\/wp-json\/wp\/v2\/media?parent=873"}],"curies":[{"name":"wp","href":"https:\/\/api.w.org\/{rel}","templated":true}]}}