{"id":875,"date":"2021-07-29T17:39:37","date_gmt":"2021-07-29T20:39:37","guid":{"rendered":"https:\/\/kona.bemars.com\/?page_id=875"},"modified":"2021-08-02T15:40:53","modified_gmt":"2021-08-02T18:40:53","slug":"el-quillay","status":"publish","type":"page","link":"https:\/\/konafn.cl\/zh\/los-campos\/el-quillay\/","title":{"rendered":"El Quillay"},"content":{"rendered":"<a href=\"https:\/\/konafn.cl\/zh\/los-campos\/\" target=\"_self\" role=\"button\" rel=\"noopener\">\n\t\t\t\t\t\t\u56de\u5230\u56ed\u533a\n\t\t\t\t\t<\/a>\n<h2>\n\t\tEl Quillay\n\t<\/h2>\n\t\t\t\t<img src=\"http:\/\/konafn.cl\/wp-content\/uploads\/2020\/09\/Hectare-img.svg\" alt=\"146,74\" itemprop=\"image\" title=\"Hectare-img\" onerror=\"this.style.display='none'\"  \/>\n<h4>\n\t\t\u9762\u79ef\n\t<\/h4>\n\t<p>200 HA<\/p>\n\t\t\t\t<img loading=\"lazy\" src=\"http:\/\/konafn.cl\/wp-content\/uploads\/2021\/07\/cherrys-img.svg\" alt=\"cherrys-img\" itemprop=\"image\" height=\"150\" width=\"150\" title=\"cherrys-img\" onerror=\"this.style.display='none'\"  \/>\n<h4>\n\t\t\u79cd\u7c7b\n\t<\/h4>\n\t<p>Cerezas (Frisco, Santina, Lapins, Sweet Aryana)Naranjas, Clementinas<\/p>\n\t\t\t\t<img src=\"http:\/\/konafn.cl\/wp-content\/uploads\/2020\/09\/sun-image.svg\" alt=\"Mediterr\u00e1neo de verano c\u00e1lido\" itemprop=\"image\" title=\"sun-image\" onerror=\"this.style.display='none'\"  \/>\n<h4>\n\t\t\u5929\u6c14\n\t<\/h4>\n\t<p>\u708e\u70ed\u7684\u590f\u5b63\u5730\u4e2d\u6d77<\/p>\n\t\n            <div \n                class=\"elfsight-widget-weather elfsight-widget\" \n                data-elfsight-weather-options=\"%7B%22typeLocation%22%3A%22specificLocation%22%2C%22location%22%3A%22-35.906463%2C-72.0239787%22%2C%22customLocationName%22%3A%22%22%2C%22lang%22%3A%22es%22%2C%22units%22%3A%22metric%22%2C%22windUnits%22%3A%22miles%22%2C%22pressureUnits%22%3A%22mb%22%2C%22timeFormat%22%3A%2212%22%2C%22layout%22%3A%22hourlyForecast%22%2C%22backgroundType%22%3A%22color%22%2C%22backgroundColor%22%3A%22rgba%2869%2C%2069%2C%2071%2C%200.81%29%22%2C%22dailyForecastBackgroundColor%22%3A%22rgb%28250%2C%20250%2C%20250%29%22%2C%22currentTemperatureSize%22%3A24%2C%22currentWeatherSize%22%3A24%2C%22iconsAnimation%22%3Atrue%2C%22showUnits%22%3Atrue%2C%22showAllDays%22%3Afalse%2C%22widgetId%22%3A%228%22%7D\" \n                data-elfsight-weather-version=\"1.3.1\"\n                data-elfsight-widget-id=\"elfsight-weather-8\">\n            <\/div>\n            \n<h4>\n\t\t\u611f\u5174\u8da3\u7684\u8d44\u6599\n\t<\/h4>\n\t\t\t<a href=\"\/wp-content\/uploads\/2021\/08\/IDP_615_TSC_Tuman_Quillayes.pdf\" target=\"_blank\" role=\"button\" rel=\"noopener\">\n\t\t\t\t\t\tMapeo de suelos\n\t\t\t\t\t<\/a>\n\t\t\t<a href=\"\/wp-content\/uploads\/2021\/08\/Cauquenes.pdf\" target=\"_blank\" role=\"button\" rel=\"noopener\">\n\t\t\t\t\t\tEstudio de clima\n\t\t\t\t\t<\/a>","protected":false},"excerpt":{"rendered":"<p>Volver a campos El Quillay HECT\u00c1REAS 200 HA ESPECIES Cerezas (Frisco, Santina, Lapins, Sweet Aryana)Naranjas, Clementinas CLIMA Mediterr\u00e1neo de verano c\u00e1lido MATERIAL DE INTER\u00c9S Mapeo de suelos Estudio de clima<\/p>","protected":false},"author":1,"featured_media":0,"parent":19,"menu_order":0,"comment_status":"closed","ping_status":"closed","template":"","meta":{"om_disable_all_campaigns":false,"inline_featured_image":false,"_mi_skip_tracking":false},"aioseo_notices":[],"_links":{"self":[{"href":"https:\/\/konafn.cl\/zh\/wp-json\/wp\/v2\/pages\/875"}],"collection":[{"href":"https:\/\/konafn.cl\/zh\/wp-json\/wp\/v2\/pages"}],"about":[{"href":"https:\/\/konafn.cl\/zh\/wp-json\/wp\/v2\/types\/page"}],"author":[{"embeddable":true,"href":"https:\/\/konafn.cl\/zh\/wp-json\/wp\/v2\/users\/1"}],"replies":[{"embeddable":true,"href":"https:\/\/konafn.cl\/zh\/wp-json\/wp\/v2\/comments?post=875"}],"version-history":[{"count":7,"href":"https:\/\/konafn.cl\/zh\/wp-json\/wp\/v2\/pages\/875\/revisions"}],"predecessor-version":[{"id":910,"href":"https:\/\/konafn.cl\/zh\/wp-json\/wp\/v2\/pages\/875\/revisions\/910"}],"up":[{"embeddable":true,"href":"https:\/\/konafn.cl\/zh\/wp-json\/wp\/v2\/pages\/19"}],"wp:attachment":[{"href":"https:\/\/konafn.cl\/zh\/wp-json\/wp\/v2\/media?parent=875"}],"curies":[{"name":"wp","href":"https:\/\/api.w.org\/{rel}","templated":true}]}}